{"id":131,"date":"2019-04-04T08:48:10","date_gmt":"2019-04-04T08:48:10","guid":{"rendered":"http:\/\/shtheme.com\/demosd\/logzee\/?page_id=131"},"modified":"2022-06-01T12:46:25","modified_gmt":"2022-06-01T12:46:25","slug":"home-3","status":"publish","type":"page","link":"https:\/\/atalandtrading.com\/tr\/","title":{"rendered":"Ana Sayfa"},"content":{"rendered":"<div class=\"slider bg-navy-blue\">\n\n    <div id=\"rev_slider_1078_1_wrapper\" class=\"rev_slider_wrapper fullwidthbanner-container\" data-alias=\"classic4export\" data-source=\"gallery\" style=\"margin:0px auto;background-color:transparent;padding:0px;margin-top:0px;margin-bottom:0px;\"> \n\n      <!-- START REVOLUTION SLIDER 5.4.1 fullwidth mode -->\n\n      <div id=\"rev_slider_1078_1\" class=\"rev_slider fullscreenbanner\" style=\"display:none;\" data-version=\"5.4.1\">\n\n        <ul>\n\t\t\t<\/ul>\n\n        <div class=\"tp-bannertimer tp-bottom\" style=\"height: 7px; background-color: rgba(255, 255, 255, 0.25);\"><\/div>\n\n      <\/div>\n\n    <\/div>\n\n  <\/div>\n\n\n\n  <main id=\"body-content\" style=\"overflow-y: inherit;\"><section class=\"contact-callout bg-navy-blue wide-tb-70 mb-spacer-md\">\n\n      <div class=\"container\">\n\n        <div class=\"row\">\n\t\t\t\n     \n\n    <div class=\"col-12 col-lg-3 col-sm-6\">\n\n        <div class=\"row align-items-start\">\n\n            <div class=\"col-sm-auto col-2 text-center\">\n\n                <i class=\"icofont-wall-clock icofont-2x\"><\/i>\n\n            <\/div>\n\n        <div class=\"col pl-0\">\n\n            <h5 class=\"mb-3 h5-xs fw-6\">OPENING HOURS<\/h5>\n\n            <div class=\"text\">\n\n              Monday - Friday 09.00 - 18.00<br>\n\n              Saturday 09.00 - 14.00\n            <\/div>\n\n        <\/div>\n\n        <\/div>\n\n    <\/div>\n\n    \n\n\t<div class=\"w-100 d-none d-sm-block d-lg-none spacer-60\"><\/div>\n\t\t\t\n     \n\n    <div class=\"col-12 col-lg-3 col-sm-6\">\n\n        <div class=\"row align-items-start\">\n\n            <div class=\"col-sm-auto col-2 text-center\">\n\n                <i class=\"icofont-phone icofont-2x\"><\/i>\n\n            <\/div>\n\n        <div class=\"col pl-0\">\n\n            <h5 class=\"mb-3 h5-xs fw-6\">CALL US ANYTIME<\/h5>\n\n            <div class=\"text\">\n\n              +90 533 615 50 40<br>\n\n              \n            <\/div>\n\n        <\/div>\n\n        <\/div>\n\n    <\/div>\n\n    \n\n\t\n\n\t\t\t\n    \n    <div class=\"col-12 col-lg-3 col-sm-6\">\n\n        <div class=\"row align-items-start\">\n\n          <div class=\"col-sm-auto col-2 text-center\">\n\n            <i class=\"icofont-envelope icofont-2x\"><\/i>\n\n          <\/div>\n\n          <div class=\"col pl-0\">\n\n            <h5 class=\"mb-3 h5-xs fw-6\">EMAIL US<\/h5>\n\n            <div class=\"text\">\n\n              <a href=\"mailto:info@atalandtrading.com\" class=\"link-light\">info@atalandtrading.com<\/a><br>\n\n              <a href=\"#\" class=\"link-light\"><\/a>\n\n            <\/div>\n\n          <\/div>\n\n        <\/div>\n\n      <\/div>\n\n    \n<\/div>\n\n            <\/div>\n\n        <\/section><section class=\"bg-light-gray wide-tb-100 bg-wave\">\n\n      <div class=\"container pos-rel\">\n\n        <div class=\"row\">\n\n          <div class=\"img-business-man\">\n\n            <img decoding=\"async\" src=\"https:\/\/atalandtrading.com\/wp-content\/uploads\/2022\/04\/ataland-trading-import-export.jpg\" alt=\"\">\n\n          <\/div>\n\n          <div class=\"col-sm-12 wow fadeInDown\" data-wow-duration=\"0\" data-wow-delay=\"0s\">\n\n            <h1 class=\"heading-main\">\n\n              <span>G\u00fcc\u00fcm\u00fcz<\/span>\n\n              Bizi \u00d6zel Yapan Nedir?\n\n            <\/h1>\n\n          <\/div>\n\n          <div class=\"col-md-8 ml-auto why-choose wow fadeInRight\" data-wow-duration=\"0\" data-wow-delay=\"0.6s\">\n\n              <div class=\"row\">\n\t\t\t\n    <div class=\"col-12 col-lg-6\">              \n\n      <div class=\"icon-box-2\">\n\n        <div class=\"media\">\n\n            <div class=\"service-icon\">\n\n                <i class=\"\"><\/i>\n\n            <\/div>\n\n            <div class=\"service-inner-content media-body\">\n\n                <h4 class=\"h4-md\"><\/h4>\n\n                <p><\/p>\n\n            <\/div>\n\n        <\/div>\n\n    <\/div>              \n\n<\/div>\n\n\n    <div class=\"col-12 col-lg-6\">              \n\n      <div class=\"icon-box-2\">\n\n        <div class=\"media\">\n\n            <div class=\"service-icon\">\n\n                <i class=\"icofont-live-support\"><\/i>\n\n            <\/div>\n\n            <div class=\"service-inner-content media-body\">\n\n                <h4 class=\"h4-md\">M\u00fc\u015fteri Deste\u011fi<\/h4>\n\n                <p>Zaman\u0131n h\u0131z\u0131nda en iyisini sunabilmek, kusursuzlu\u011fu hedeflemek bizi siz\nde\u011ferli m\u00fc\u015fterilerimizin daha \u00e7ok yan\u0131nda olmaya itmektedir. \u0130\u015fi t\u00fcm\ndetaylar\u0131yla ele almak, en iyisine odaklanmaktaki istek ve s\u00fcrd\u00fcr\u00fclebilir\nbir ba\u015far\u0131 yakalamak olmazsa olmazlar\u0131m\u0131zd\u0131r.<br \/>\n\u00d6zetle mottomuz i\u00e7in \u201cD\u0131\u015f Ticaret hi\u00e7 bu kadar keyifli olmam\u0131\u015ft\u0131\u201d diyoruz.<\/p>\n\n            <\/div>\n\n        <\/div>\n\n    <\/div>              \n\n<\/div>\n\n\n\t<div class=\"w-100 spacer-60 d-none d-md-none d-lg-block d-sm-none\"><\/div>\n\t\t\t\n    <div class=\"col-12 col-lg-6\">              \n\n      <div class=\"icon-box-2\">\n\n        <div class=\"media\">\n\n            <div class=\"service-icon\">\n\n                <i class=\"\"><\/i>\n\n            <\/div>\n\n            <div class=\"service-inner-content media-body\">\n\n                <h4 class=\"h4-md\"><\/h4>\n\n                <p><\/p>\n\n            <\/div>\n\n        <\/div>\n\n    <\/div>              \n\n<\/div>\n\n\n    <div class=\"col-12 col-lg-6\">              \n\n      <div class=\"icon-box-2\">\n\n        <div class=\"media\">\n\n            <div class=\"service-icon\">\n\n                <i class=\"icofont-briefcase-1\"><\/i>\n\n            <\/div>\n\n            <div class=\"service-inner-content media-body\">\n\n                <h4 class=\"h4-md\">Dan\u0131\u015fmanl\u0131k Hizmetleri<\/h4>\n\n                <p>Firmalar\u0131n talepleri do\u011frultusunda gerekirse market ara\u015ft\u0131rmas\u0131 yap\u0131p\nihtiya\u00e7 duyduklar\u0131 \u00fcr\u00fcnleri sekt\u00f6rlerine g\u00f6re nereden sat\u0131n alacaklar\u0131na\ndair tespitlerde bulunup, d\u0131\u015f ticaret s\u00fcrecinin ba\u015flamas\u0131na vesile\nolabiliriz.<br \/>\nB\u00fcy\u00fcmenin kar\u015f\u0131l\u0131kl\u0131 olaca\u011f\u0131na olan inanc\u0131m\u0131zla gelin bu f\u0131rsat\u0131 sizin i\u00e7in beraber hayata ge\u00e7irelim.<\/p>\n\n            <\/div>\n\n        <\/div>\n\n    <\/div>              \n\n<\/div>\n\n\n\t\n<\/div>\n\n\n\n              <div class=\"col-sm-12 text-center\">\n\n                <div class=\"spacer-50\">\n\n                <\/div>\n\n                <a href=\"\" class=\"btn-theme bg-navy-blue\">Request Quote <i class=\"icofont-rounded-right\"><\/i><\/a>\n\n                <div class=\"spacer-30\">\n\n                <\/div>\n\n              <\/div>\n\n          <\/div>\n\n        <\/div>\n\n        \n\n      <\/div>\n\n    <\/section><section class=\"bg-sky-blue wide-tb-100 pb-0\">\n\n      <div class=\"container pos-rel\">\n\n        <div class=\"row\">\n\n\n\n          <div class=\"col-sm-12 wow fadeInDown\" data-wow-duration=\"0\" data-wow-delay=\"0s\">\n\n            <h1 class=\"heading-main\">\n\n              <span><\/span>\n\n              \n\n            <\/h1>\n\n          <\/div>\n\t\t\t\n    <section class=\"bg-white wide-tb-100\">\n\n      <div class=\"container\">\n\n        <div class=\"row\">\n\n          <!-- Heading Main -->\n\n          <div class=\"col-sm-12 wow fadeInDown\" data-wow-duration=\"0\" data-wow-delay=\"0s\">\n\n            <h1 class=\"heading-main\">\n\n              <span>H\u0130ZMETLER\u0130M\u0130Z<\/span>\n\n              Ataland Trading\n            <\/h1>\n\n          <\/div>\n\n          \n          <div class=\"col-md-4 wow fadeInUp\" data-wow-duration=\"0\" data-wow-delay=\"0.1s\">    \n\n            <a href=\"https:\/\/atalandtrading.com\/tr\/service\/foreign-trade\/\">          \n\n              <div class=\"icon-box-1\">\n\n                <img decoding=\"async\" src=\"https:\/\/atalandtrading.com\/wp-content\/uploads\/2022\/03\/foreign-trade-1.jpg\" alt=\"\">\n\n                <div class=\"text\">\n\n                  <i class=\"icofont-airplane-alt\"><\/i>\n\n                  DI\u015e T\u0130CARET\n                <\/div>\n\n              <\/div>              \n\n            <\/a>\n\n          <\/div>\n\n            \n          <div class=\"col-md-4 wow fadeInUp\" data-wow-duration=\"0\" data-wow-delay=\"0.1s\">    \n\n            <a href=\"https:\/\/atalandtrading.com\/tr\/service\/purchasing\/\">          \n\n              <div class=\"icon-box-1\">\n\n                <img decoding=\"async\" src=\"https:\/\/atalandtrading.com\/wp-content\/uploads\/2019\/04\/purchasing-1.jpg\" alt=\"\">\n\n                <div class=\"text\">\n\n                  <i class=\"icofont-law-document\"><\/i>\n\n                  SATINALMA\n                <\/div>\n\n              <\/div>              \n\n            <\/a>\n\n          <\/div>\n\n            \n          <div class=\"col-md-4 wow fadeInUp\" data-wow-duration=\"0\" data-wow-delay=\"0.1s\">    \n\n            <a href=\"https:\/\/atalandtrading.com\/tr\/service\/market-research\/\">          \n\n              <div class=\"icon-box-1\">\n\n                <img decoding=\"async\" src=\"https:\/\/atalandtrading.com\/wp-content\/uploads\/2019\/04\/market-research-1.jpg\" alt=\"\">\n\n                <div class=\"text\">\n\n                  <i class=\"icofont-pie-chart\"><\/i>\n\n                  P\u0130YASA ARA\u015eTIRMASI\n                <\/div>\n\n              <\/div>              \n\n            <\/a>\n\n          <\/div>\n\n            \n          <div class=\"col-md-4 wow fadeInUp\" data-wow-duration=\"0\" data-wow-delay=\"0.1s\">    \n\n            <a href=\"https:\/\/atalandtrading.com\/tr\/service\/warehousing\/\">          \n\n              <div class=\"icon-box-1\">\n\n                <img decoding=\"async\" src=\"https:\/\/atalandtrading.com\/wp-content\/uploads\/2019\/04\/warehouse-ataland-trading-services.jpg\" alt=\"\">\n\n                <div class=\"text\">\n\n                  <i class=\"icofont-database\"><\/i>\n\n                  DEPOLAMA\n                <\/div>\n\n              <\/div>              \n\n            <\/a>\n\n          <\/div>\n\n            \n          <div class=\"col-md-4 wow fadeInUp\" data-wow-duration=\"0\" data-wow-delay=\"0.1s\">    \n\n            <a href=\"https:\/\/atalandtrading.com\/tr\/service\/labelling\/\">          \n\n              <div class=\"icon-box-1\">\n\n                <img decoding=\"async\" src=\"https:\/\/atalandtrading.com\/wp-content\/uploads\/2022\/03\/Labelling-1.jpg\" alt=\"\">\n\n                <div class=\"text\">\n\n                  <i class=\"icofont-label\"><\/i>\n\n                  ET\u0130KETLEME\n                <\/div>\n\n              <\/div>              \n\n            <\/a>\n\n          <\/div>\n\n            \n          <div class=\"col-md-4 wow fadeInUp\" data-wow-duration=\"0\" data-wow-delay=\"0.1s\">    \n\n            <a href=\"https:\/\/atalandtrading.com\/tr\/service\/transport\/\">          \n\n              <div class=\"icon-box-1\">\n\n                <img decoding=\"async\" src=\"https:\/\/atalandtrading.com\/wp-content\/uploads\/2019\/04\/icon-box-3.jpg\" alt=\"\">\n\n                <div class=\"text\">\n\n                  <i class=\"icofont-ship\"><\/i>\n\n                  TA\u015eIMACILIK\n                <\/div>\n\n              <\/div>              \n\n            <\/a>\n\n          <\/div>\n\n            \n        <\/div>\n\n      <\/div>\n\n    <\/section>\n\n<div class=\"text-center btn-center mx-auto\">\n\n            <a href=\"\" class=\"btn-theme bg-navy-blue\"> <i class=\"icofont-rounded-right\"><\/i><\/a>\n\n          <\/div>\n\n\n\n        <\/div>\n\n        \n\n      <\/div>\n\n    <\/section>\n\t\t\t\n    <section class=\"wide-tb-80 bg-navy-blue callout-style-1 wow fadeInUp\" data-wow-duration=\"0\" data-wow-delay=\"0s\">\n\n      <div class=\"container\">\n\n        <div class=\"row align-items-center\">\n\n            <div class=\"col-lg-4 col-md-12 mb-0\">\n\n              <h4 class=\"h4-xl\">Ataland Trading ile \u00e7al\u0131\u015fmak ister misiniz?<\/h4>\n\n            <\/div>\n\n            <div class=\"col\">\n\n              <div class=\"center-text\">\n\n                \n              <\/div>\n\n            <\/div>\n\n            <div class=\"col-sm-auto\">\n\n              <a href=\"https:\/\/atalandtrading.com\/tr\/contact-us\/\" class=\"btn-theme bg-white light\">Bize Ula\u015f\u0131n! <i class=\"icofont-rounded-right\"><\/i><\/a>\n\n            <\/div>\n\n        <\/div>\n\n      <\/div>\n\n    <\/section>","protected":false},"excerpt":{"rendered":"TRANSPORT Final step of our activities is transportation. Based on customer\u2019s requirement, we can provide airfreight, sea freight, road freight options. We can create alternatives with our partner company and direct regarding client\u2019s requirement about timing and location.\u00a0 We are handling door to door service up to client\u2019s decision. Still open questions? Ask Now","protected":false},"author":1,"featured_media":0,"parent":0,"menu_order":0,"comment_status":"closed","ping_status":"closed","template":"page-templates\/home-3.php","meta":{"footnotes":""},"class_list":["post-131","page","type-page","status-publish","hentry"],"yoast_head":"<!-- This site is optimized with the Yoast SEO plugin v24.1 - https:\/\/yoast.com\/wordpress\/plugins\/seo\/ -->\n<title>Home | Ataland Trading<\/title>\n<meta name=\"robots\" content=\"index, follow, max-snippet:-1, max-image-preview:large, max-video-preview:-1\" \/>\n<link rel=\"canonical\" href=\"https:\/\/atalandtrading.com\/tr\/\" \/>\n<meta property=\"og:locale\" content=\"tr_TR\" \/>\n<meta property=\"og:type\" content=\"article\" \/>\n<meta property=\"og:title\" content=\"Home | Ataland Trading\" \/>\n<meta property=\"og:url\" content=\"https:\/\/atalandtrading.com\/tr\/\" \/>\n<meta property=\"og:site_name\" content=\"Ataland Trading\" \/>\n<meta property=\"article:modified_time\" content=\"2022-06-01T12:46:25+00:00\" \/>\n<meta name=\"twitter:card\" content=\"summary_large_image\" \/>\n<meta name=\"twitter:label1\" content=\"Tahmini okuma s\u00fcresi\" \/>\n\t<meta name=\"twitter:data1\" content=\"1 dakika\" \/>\n<script type=\"application\/ld+json\" class=\"yoast-schema-graph\">{\"@context\":\"https:\/\/schema.org\",\"@graph\":[{\"@type\":\"WebPage\",\"@id\":\"https:\/\/atalandtrading.com\/tr\/\",\"url\":\"https:\/\/atalandtrading.com\/tr\/\",\"name\":\"Home | Ataland Trading\",\"isPartOf\":{\"@id\":\"https:\/\/atalandtrading.com\/#website\"},\"datePublished\":\"2019-04-04T08:48:10+00:00\",\"dateModified\":\"2022-06-01T12:46:25+00:00\",\"breadcrumb\":{\"@id\":\"https:\/\/atalandtrading.com\/tr\/#breadcrumb\"},\"inLanguage\":\"tr\",\"potentialAction\":[{\"@type\":\"ReadAction\",\"target\":[\"https:\/\/atalandtrading.com\/tr\/\"]}]},{\"@type\":\"BreadcrumbList\",\"@id\":\"https:\/\/atalandtrading.com\/tr\/#breadcrumb\",\"itemListElement\":[{\"@type\":\"ListItem\",\"position\":1,\"name\":\"Home\",\"item\":\"https:\/\/atalandtrading.com\/tr\/\"},{\"@type\":\"ListItem\",\"position\":2,\"name\":\"Home\"}]},{\"@type\":\"WebSite\",\"@id\":\"https:\/\/atalandtrading.com\/#website\",\"url\":\"https:\/\/atalandtrading.com\/\",\"name\":\"Ataland Trading\",\"description\":\"\",\"publisher\":{\"@id\":\"https:\/\/atalandtrading.com\/#organization\"},\"potentialAction\":[{\"@type\":\"SearchAction\",\"target\":{\"@type\":\"EntryPoint\",\"urlTemplate\":\"https:\/\/atalandtrading.com\/?s={search_term_string}\"},\"query-input\":{\"@type\":\"PropertyValueSpecification\",\"valueRequired\":true,\"valueName\":\"search_term_string\"}}],\"inLanguage\":\"tr\"},{\"@type\":\"Organization\",\"@id\":\"https:\/\/atalandtrading.com\/#organization\",\"name\":\"Ataland Trading\",\"url\":\"https:\/\/atalandtrading.com\/\",\"logo\":{\"@type\":\"ImageObject\",\"inLanguage\":\"tr\",\"@id\":\"https:\/\/atalandtrading.com\/#\/schema\/logo\/image\/\",\"url\":\"https:\/\/atalandtrading.com\/wp-content\/uploads\/2022\/02\/ataland-logo-328.png\",\"contentUrl\":\"https:\/\/atalandtrading.com\/wp-content\/uploads\/2022\/02\/ataland-logo-328.png\",\"width\":328,\"height\":168,\"caption\":\"Ataland Trading\"},\"image\":{\"@id\":\"https:\/\/atalandtrading.com\/#\/schema\/logo\/image\/\"},\"sameAs\":[\"https:\/\/www.instagram.com\/atalandtrading\/\",\"https:\/\/www.linkedin.com\/in\/ataland-trading-05b781232\/\"]}]}<\/script>\n<!-- \/ Yoast SEO plugin. -->","yoast_head_json":{"title":"Home | Ataland Trading","robots":{"index":"index","follow":"follow","max-snippet":"max-snippet:-1","max-image-preview":"max-image-preview:large","max-video-preview":"max-video-preview:-1"},"canonical":"https:\/\/atalandtrading.com\/tr\/","og_locale":"tr_TR","og_type":"article","og_title":"Home | Ataland Trading","og_url":"https:\/\/atalandtrading.com\/tr\/","og_site_name":"Ataland Trading","article_modified_time":"2022-06-01T12:46:25+00:00","twitter_card":"summary_large_image","twitter_misc":{"Tahmini okuma s\u00fcresi":"1 dakika"},"schema":{"@context":"https:\/\/schema.org","@graph":[{"@type":"WebPage","@id":"https:\/\/atalandtrading.com\/tr\/","url":"https:\/\/atalandtrading.com\/tr\/","name":"Home | Ataland Trading","isPartOf":{"@id":"https:\/\/atalandtrading.com\/#website"},"datePublished":"2019-04-04T08:48:10+00:00","dateModified":"2022-06-01T12:46:25+00:00","breadcrumb":{"@id":"https:\/\/atalandtrading.com\/tr\/#breadcrumb"},"inLanguage":"tr","potentialAction":[{"@type":"ReadAction","target":["https:\/\/atalandtrading.com\/tr\/"]}]},{"@type":"BreadcrumbList","@id":"https:\/\/atalandtrading.com\/tr\/#breadcrumb","itemListElement":[{"@type":"ListItem","position":1,"name":"Home","item":"https:\/\/atalandtrading.com\/tr\/"},{"@type":"ListItem","position":2,"name":"Home"}]},{"@type":"WebSite","@id":"https:\/\/atalandtrading.com\/#website","url":"https:\/\/atalandtrading.com\/","name":"Ataland Trading","description":"","publisher":{"@id":"https:\/\/atalandtrading.com\/#organization"},"potentialAction":[{"@type":"SearchAction","target":{"@type":"EntryPoint","urlTemplate":"https:\/\/atalandtrading.com\/?s={search_term_string}"},"query-input":{"@type":"PropertyValueSpecification","valueRequired":true,"valueName":"search_term_string"}}],"inLanguage":"tr"},{"@type":"Organization","@id":"https:\/\/atalandtrading.com\/#organization","name":"Ataland Trading","url":"https:\/\/atalandtrading.com\/","logo":{"@type":"ImageObject","inLanguage":"tr","@id":"https:\/\/atalandtrading.com\/#\/schema\/logo\/image\/","url":"https:\/\/atalandtrading.com\/wp-content\/uploads\/2022\/02\/ataland-logo-328.png","contentUrl":"https:\/\/atalandtrading.com\/wp-content\/uploads\/2022\/02\/ataland-logo-328.png","width":328,"height":168,"caption":"Ataland Trading"},"image":{"@id":"https:\/\/atalandtrading.com\/#\/schema\/logo\/image\/"},"sameAs":["https:\/\/www.instagram.com\/atalandtrading\/","https:\/\/www.linkedin.com\/in\/ataland-trading-05b781232\/"]}]}},"_links":{"self":[{"href":"https:\/\/atalandtrading.com\/tr\/wp-json\/wp\/v2\/pages\/131","targetHints":{"allow":["GET"]}}],"collection":[{"href":"https:\/\/atalandtrading.com\/tr\/wp-json\/wp\/v2\/pages"}],"about":[{"href":"https:\/\/atalandtrading.com\/tr\/wp-json\/wp\/v2\/types\/page"}],"author":[{"embeddable":true,"href":"https:\/\/atalandtrading.com\/tr\/wp-json\/wp\/v2\/users\/1"}],"replies":[{"embeddable":true,"href":"https:\/\/atalandtrading.com\/tr\/wp-json\/wp\/v2\/comments?post=131"}],"version-history":[{"count":63,"href":"https:\/\/atalandtrading.com\/tr\/wp-json\/wp\/v2\/pages\/131\/revisions"}],"predecessor-version":[{"id":879,"href":"https:\/\/atalandtrading.com\/tr\/wp-json\/wp\/v2\/pages\/131\/revisions\/879"}],"wp:attachment":[{"href":"https:\/\/atalandtrading.com\/tr\/wp-json\/wp\/v2\/media?parent=131"}],"curies":[{"name":"wp","href":"https:\/\/api.w.org\/{rel}","templated":true}]}}