{"id":206,"date":"2019-04-08T08:04:45","date_gmt":"2019-04-08T08:04:45","guid":{"rendered":"http:\/\/shtheme.com\/demosd\/logzee\/?page_id=206"},"modified":"2022-04-29T12:59:47","modified_gmt":"2022-04-29T12:59:47","slug":"about-us","status":"publish","type":"page","link":"https:\/\/atalandtrading.com\/tr\/about-us\/","title":{"rendered":"Hakk\u0131m\u0131zda"},"content":{"rendered":"<div class=\"wpb-content-wrapper\"><div class=\"slider bg-navy-blue bg-scroll pos-rel breadcrumbs-page\" style=\"    background-image: url(https:\/\/atalandtrading.com\/wp-content\/uploads\/2019\/04\/banner_slider.jpg);    background-repeat: no-repeat;    padding: 7rem 0;    background-position: center center !important;    margin-top: 136px;\">\n\n    <div class=\"container\">\n\n      <nav aria-label=\"breadcrumb\">\n\n        <ol class=\"breadcrumb\">\n\n          <li class=\"breadcrumb-item\"><a href=\"https:\/\/atalandtrading.com\/tr\/\"><i class=\"icofont-home\"><\/i><\/a><\/li>\n\n          <li class=\"breadcrumb-item\"><a href=\"https:\/\/atalandtrading.com\/tr\/\">Pages<\/a><\/li>\n\n          <li class=\"breadcrumb-item active\" aria-current=\"page\">Hakk\u0131m\u0131zda<\/li>\n\n        <\/ol>\n\n      <\/nav>  \n\n\n\n      <h1>Hakk\u0131m\u0131zda<\/h1>\n\n      <div class=\"breadcrumbs-description\">\n\n        ''Land For The Ones Looking For Quality''\n      <\/div>\n\n    <\/div>\n\n  <\/div>\n\n\n\n  <main id=\"body-content\">\n\n\n\n\n\t\t\t\n\n\n    <section class=\"wide-tb-80\">\n\n      <div class=\"container pos-rel\">\n\n        <div class=\"row align-items-center\">\n\n\n\n          <div class=\"col-md-6 wow fadeInLeft\" data-wow-duration=\"0\" data-wow-delay=\"0s\">            \n\n            <h2 class=\"mb-4 fw-7 txt-blue\">\n\n               <span class=\"fw-6 txt-orange\">Ataland Trading<\/span>\n\n            <\/h2>\n\n\n\n            <p>Temelleri 2020 y\u0131l\u0131nda at\u0131lan firmam\u0131z\u0131n ge\u00e7mi\u015finde 20 y\u0131ll\u0131k d\u0131\u015f ticaret, sat\u0131\u015f ve lojistik sekt\u00f6r tecr\u00fcbelerinin ayak izlerini bulabilirsiniz.<\/p>\n<p>Ticaret ve lojistik sekt\u00f6r\u00fcnde\nelde edilen deneyimin, m\u00fc\u015fteri memnuniyeti esas al\u0131narak harmanlanmas\u0131\nsonucu Ataland D\u0131\u015f Ticaret Ltd. \u015eti. kuruldu. Bilgi birikimini daha \u00f6teye ta\u015f\u0131yarak\ni\u015fimize \u00f6nc\u00fcl\u00fck edece\u011fine olan inanc\u0131m\u0131zla \u00e7\u0131kt\u0131k yola. Yol haritam\u0131zdaki\ntemel prensipler, her daim i\u00e7in g\u00f6z \u00f6n\u00fcnde bulundurdu\u011fumuz m\u00fc\u015fteri\nmemnuniyeti, optimizasyon, verimlilik ve de fayda dengesini korumakt\u0131r.<\/p>\n<p>Zaman\u0131n h\u0131z\u0131nda en iyisini sunabilmek, kusursuzlu\u011fu hedeflemek bizi siz\nde\u011ferli m\u00fc\u015fterilerimizin daha \u00e7ok yan\u0131nda olmaya itmektedir. \u0130\u015fi t\u00fcm\ndetaylar\u0131yla ele almak, en iyisine odaklanmaktaki istek ve s\u00fcrd\u00fcr\u00fclebilir\nbir ba\u015far\u0131 yakalamak olmazsa olmazlar\u0131m\u0131zd\u0131r.<\/p>\n<p>\u00d6zetle mottomuz i\u00e7in \u201cD\u0131\u015f Ticaret hi\u00e7 bu kadar keyifli olmam\u0131\u015ft\u0131\u201d diyoruz.<\/p>\n\n          <\/div>\n\n\n\n\n\n          <div class=\"col-md-6 wow fadeInRight\" data-wow-duration=\"0\" data-wow-delay=\"0s\">            \n\n            <img decoding=\"async\" src=\"https:\/\/atalandtrading.com\/wp-content\/uploads\/2022\/04\/6209066.jpg\" alt=\"\">\n\n          <\/div>\n\n\n\n        <\/div>\n\n        \n\n      <\/div>\n\n    <\/section>\n\n\n\n<section class=\"pos-rel bg-sky-blue\">\n\n      <div class=\"container-fluid\">\n\n        <div class=\"row align-items-center\">       \n\n            <div class=\"col-lg-5 col-12 p-0\"> \n\n              <img decoding=\"async\" src=\"https:\/\/atalandtrading.com\/wp-content\/uploads\/2019\/04\/why-choose-us.jpg\" class=\"w-100\" alt=\"\">\n\n            <\/div>\n\n            <div class=\"col-lg-6 col-12\">\n\n\n\n              <div class=\"p-5 about-whoose\">\n\n                <h1 class=\"heading-main text-left mb-4\">\n\n                  <span>Neden?<\/span>\n\n                  Ataland Trading\n\n                <\/h1>\n\n\n\n                <ul class=\"list-unstyled icons-listing theme-orange w-half mb-0\">\n\t\t\t\n\n\n    <li class=\"wow fadeInUp\" data-wow-duration=\"0\" data-wow-delay=\"0s\"><i class=\"icofont-check\"><\/i>\u00c7evreyi D\u00fc\u015f\u00fcnerek Hizmet Sunar\n<\/li>\n\n\n\n\n    <li class=\"wow fadeInUp\" data-wow-duration=\"0\" data-wow-delay=\"0.1s\"><i class=\"icofont-check\"><\/i>M\u00fc\u015fterilerimizle A\u00e7\u0131k \u0130leti\u015fim\n<\/li>\n\n\n\n\n    <li class=\"wow fadeInUp\" data-wow-duration=\"0\" data-wow-delay=\"0.2s\"><i class=\"icofont-check\"><\/i>S\u00fcrekli \u0130yile\u015ftirme\n<\/li>\n\n\n\n\n    <li class=\"wow fadeInUp\" data-wow-duration=\"0\" data-wow-delay=\"0.3s\"><i class=\"icofont-check\"><\/i>G\u00fcmr\u00fckleme ve Uyum Hizmeti\n<\/li>\n\n\n\n\n    <li class=\"wow fadeInUp\" data-wow-duration=\"0\" data-wow-delay=\"0.3s\"><i class=\"icofont-check\"><\/i>S\u00fcrd\u00fcr\u00fclebilir Hizmet\n<\/li>\n\n\n\n\n    <li class=\"wow fadeInUp\" data-wow-duration=\"0\" data-wow-delay=\"0.4s\"><i class=\"icofont-check\"><\/i>Alternatif Lojistik Se\u00e7enekleri\n<\/li>\n\n\n\n\n    <li class=\"wow fadeInUp\" data-wow-duration=\"0\" data-wow-delay=\"0.5s\"><i class=\"icofont-check\"><\/i>Y\u00fcksek Etik De\u011ferleri Korur\n<\/li>\n\n\n\n\n    <li class=\"wow fadeInUp\" data-wow-duration=\"0\" data-wow-delay=\"0.6s\"><i class=\"icofont-check\"><\/i>Kargo Sigortas\u0131\n<\/li>\n\n\n\n\n    <li class=\"wow fadeInUp\" data-wow-duration=\"0\" data-wow-delay=\"0.7s\"><i class=\"icofont-check\"><\/i>Tam G\u00fcvenlik Sa\u011flar\n<\/li>\n\n<\/ul>\n\n              <\/div>\n\n\n\n            <\/div>              \n\n        <\/div>\n\n      <\/div>        \n\n    <\/section><section class=\"wide-tb-100 faqs\">\n\n      <div class=\"container\">\n\n        <div class=\"row\">\n\n\n\n            <div class=\"col-sm-12\">\n\n              <h1 class=\"heading-main\">\n\n                <span><\/span>\n\n                Sosyal Sorumluluk\n\n              <\/h1>\n\n            <\/div>\n\t\t\t<div class=\"vc_row wpb_row vc_inner\"><div class=\"wpb_column vc_column_container col-md-6 vc_col-has-fill\"><div class=\"vc_column-inner vc_custom_1650318187346\"><div class=\"wpb_wrapper\">\n\t<div  class=\"wpb_single_image wpb_content_element vc_align_left wpb_content_element\">\n\t\t\n\t\t<figure class=\"wpb_wrapper vc_figure\">\n\t\t\t<a href=\"https:\/\/atalandtrading.com\/wp-content\/uploads\/2022\/04\/ATALAND-DIS-TICARET-TEMA.pdf\" target=\"_blank\" class=\"vc_single_image-wrapper   vc_box_border_grey\"><img loading=\"lazy\" decoding=\"async\" width=\"900\" height=\"432\" src=\"https:\/\/atalandtrading.com\/wp-content\/uploads\/2022\/04\/tema-logo-1024x492.png\" class=\"vc_single_image-img attachment-large\" alt=\"\" title=\"tema-logo\" srcset=\"https:\/\/atalandtrading.com\/wp-content\/uploads\/2022\/04\/tema-logo-1024x492.png 1024w, https:\/\/atalandtrading.com\/wp-content\/uploads\/2022\/04\/tema-logo-300x144.png 300w, https:\/\/atalandtrading.com\/wp-content\/uploads\/2022\/04\/tema-logo-768x369.png 768w, https:\/\/atalandtrading.com\/wp-content\/uploads\/2022\/04\/tema-logo-18x9.png 18w, https:\/\/atalandtrading.com\/wp-content\/uploads\/2022\/04\/tema-logo.png 1107w\" sizes=\"auto, (max-width: 900px) 100vw, 900px\" \/><\/a>\n\t\t<\/figure>\n\t<\/div>\n<\/div><\/div><\/div><div class=\"wpb_column vc_column_container col-md-6\"><div class=\"vc_column-inner\"><div class=\"wpb_wrapper\"><\/div><\/div><\/div><\/div><\/ul>\n\n              <\/div>\n\n\n\n            <\/div>              \n\n        <\/div>\n\n      <\/div>        \n\n    <\/section>\n\t\t\t\n\n\n    <section class=\"wide-tb-80 bg-scroll bg-img-6 pos-rel callout-style-1\">\n\n      <div class=\"bg-overlay blue opacity-60\"><\/div>\n\n      <div class=\"container\">\n\n        <div class=\"row align-items-center\">\n\n            <div class=\"col-lg-4 col-md-12 mb-0 wow slideInUp\" data-wow-duration=\"0\" data-wow-delay=\"0.1s\">\n\n              <h4 class=\"h4-xl\">Ataland Trading ile \u00e7al\u0131\u015fmak ister misiniz?<\/h4>\n\n            <\/div>\n\n            <div class=\"col wow slideInUp\" data-wow-duration=\"0\" data-wow-delay=\"0.2s\">\n\n              <div class=\"center-text\">\n\n                \n              <\/div>\n\n            <\/div>\n\n            <div class=\"col-sm-auto wow slideInUp\" data-wow-duration=\"0\" data-wow-delay=\"0.3s\">\n\n              <a href=\"https:\/\/atalandtrading.com\/tr\/contact-us\/\" class=\"btn btn-theme bg-white bordered\">Bize Ula\u015f\u0131n! <i class=\"icofont-rounded-right\"><\/i><\/a>\n\n            <\/div>\n\n        <\/div>\n\n      <\/div>\n\n    <\/section>\n<\/div>","protected":false},"excerpt":{"rendered":"Pages About Us About Us ''Land For The Ones Looking For Quality'' Ataland Trading You can find footprints of 20 years experience in foreign trade, marketing & sales and logistics industries in our company\u2019s background. Ataland Trading was established in 2020 with the harmony of mentioned experiences and our core focus of customer satisfaction. Main [...]","protected":false},"author":1,"featured_media":0,"parent":0,"menu_order":0,"comment_status":"closed","ping_status":"closed","template":"page-templates\/our-pricing.php","meta":{"footnotes":""},"class_list":["post-206","page","type-page","status-publish","hentry"],"yoast_head":"<!-- This site is optimized with the Yoast SEO plugin v24.1 - https:\/\/yoast.com\/wordpress\/plugins\/seo\/ -->\n<title>About Us | Ataland Trading<\/title>\n<meta name=\"robots\" content=\"index, follow, max-snippet:-1, max-image-preview:large, max-video-preview:-1\" \/>\n<link rel=\"canonical\" href=\"https:\/\/atalandtrading.com\/tr\/about-us\/\" \/>\n<meta property=\"og:locale\" content=\"tr_TR\" \/>\n<meta property=\"og:type\" content=\"article\" \/>\n<meta property=\"og:title\" content=\"About Us | Ataland Trading\" \/>\n<meta property=\"og:url\" content=\"https:\/\/atalandtrading.com\/tr\/about-us\/\" \/>\n<meta property=\"og:site_name\" content=\"Ataland Trading\" \/>\n<meta property=\"article:modified_time\" content=\"2022-04-29T12:59:47+00:00\" \/>\n<meta name=\"twitter:card\" content=\"summary_large_image\" \/>\n<meta name=\"twitter:label1\" content=\"Tahmini okuma s\u00fcresi\" \/>\n\t<meta name=\"twitter:data1\" content=\"2 dakika\" \/>\n<script type=\"application\/ld+json\" class=\"yoast-schema-graph\">{\"@context\":\"https:\/\/schema.org\",\"@graph\":[{\"@type\":\"WebPage\",\"@id\":\"https:\/\/atalandtrading.com\/tr\/about-us\/\",\"url\":\"https:\/\/atalandtrading.com\/tr\/about-us\/\",\"name\":\"About Us | Ataland Trading\",\"isPartOf\":{\"@id\":\"https:\/\/atalandtrading.com\/#website\"},\"datePublished\":\"2019-04-08T08:04:45+00:00\",\"dateModified\":\"2022-04-29T12:59:47+00:00\",\"breadcrumb\":{\"@id\":\"https:\/\/atalandtrading.com\/tr\/about-us\/#breadcrumb\"},\"inLanguage\":\"tr\",\"potentialAction\":[{\"@type\":\"ReadAction\",\"target\":[\"https:\/\/atalandtrading.com\/tr\/about-us\/\"]}]},{\"@type\":\"BreadcrumbList\",\"@id\":\"https:\/\/atalandtrading.com\/tr\/about-us\/#breadcrumb\",\"itemListElement\":[{\"@type\":\"ListItem\",\"position\":1,\"name\":\"Home\",\"item\":\"https:\/\/atalandtrading.com\/tr\/\"},{\"@type\":\"ListItem\",\"position\":2,\"name\":\"About Us\"}]},{\"@type\":\"WebSite\",\"@id\":\"https:\/\/atalandtrading.com\/#website\",\"url\":\"https:\/\/atalandtrading.com\/\",\"name\":\"Ataland Trading\",\"description\":\"\",\"publisher\":{\"@id\":\"https:\/\/atalandtrading.com\/#organization\"},\"potentialAction\":[{\"@type\":\"SearchAction\",\"target\":{\"@type\":\"EntryPoint\",\"urlTemplate\":\"https:\/\/atalandtrading.com\/?s={search_term_string}\"},\"query-input\":{\"@type\":\"PropertyValueSpecification\",\"valueRequired\":true,\"valueName\":\"search_term_string\"}}],\"inLanguage\":\"tr\"},{\"@type\":\"Organization\",\"@id\":\"https:\/\/atalandtrading.com\/#organization\",\"name\":\"Ataland Trading\",\"url\":\"https:\/\/atalandtrading.com\/\",\"logo\":{\"@type\":\"ImageObject\",\"inLanguage\":\"tr\",\"@id\":\"https:\/\/atalandtrading.com\/#\/schema\/logo\/image\/\",\"url\":\"https:\/\/atalandtrading.com\/wp-content\/uploads\/2022\/02\/ataland-logo-328.png\",\"contentUrl\":\"https:\/\/atalandtrading.com\/wp-content\/uploads\/2022\/02\/ataland-logo-328.png\",\"width\":328,\"height\":168,\"caption\":\"Ataland Trading\"},\"image\":{\"@id\":\"https:\/\/atalandtrading.com\/#\/schema\/logo\/image\/\"},\"sameAs\":[\"https:\/\/www.instagram.com\/atalandtrading\/\",\"https:\/\/www.linkedin.com\/in\/ataland-trading-05b781232\/\"]}]}<\/script>\n<!-- \/ Yoast SEO plugin. -->","yoast_head_json":{"title":"About Us | Ataland Trading","robots":{"index":"index","follow":"follow","max-snippet":"max-snippet:-1","max-image-preview":"max-image-preview:large","max-video-preview":"max-video-preview:-1"},"canonical":"https:\/\/atalandtrading.com\/tr\/about-us\/","og_locale":"tr_TR","og_type":"article","og_title":"About Us | Ataland Trading","og_url":"https:\/\/atalandtrading.com\/tr\/about-us\/","og_site_name":"Ataland Trading","article_modified_time":"2022-04-29T12:59:47+00:00","twitter_card":"summary_large_image","twitter_misc":{"Tahmini okuma s\u00fcresi":"2 dakika"},"schema":{"@context":"https:\/\/schema.org","@graph":[{"@type":"WebPage","@id":"https:\/\/atalandtrading.com\/tr\/about-us\/","url":"https:\/\/atalandtrading.com\/tr\/about-us\/","name":"About Us | Ataland Trading","isPartOf":{"@id":"https:\/\/atalandtrading.com\/#website"},"datePublished":"2019-04-08T08:04:45+00:00","dateModified":"2022-04-29T12:59:47+00:00","breadcrumb":{"@id":"https:\/\/atalandtrading.com\/tr\/about-us\/#breadcrumb"},"inLanguage":"tr","potentialAction":[{"@type":"ReadAction","target":["https:\/\/atalandtrading.com\/tr\/about-us\/"]}]},{"@type":"BreadcrumbList","@id":"https:\/\/atalandtrading.com\/tr\/about-us\/#breadcrumb","itemListElement":[{"@type":"ListItem","position":1,"name":"Home","item":"https:\/\/atalandtrading.com\/tr\/"},{"@type":"ListItem","position":2,"name":"About Us"}]},{"@type":"WebSite","@id":"https:\/\/atalandtrading.com\/#website","url":"https:\/\/atalandtrading.com\/","name":"Ataland Trading","description":"","publisher":{"@id":"https:\/\/atalandtrading.com\/#organization"},"potentialAction":[{"@type":"SearchAction","target":{"@type":"EntryPoint","urlTemplate":"https:\/\/atalandtrading.com\/?s={search_term_string}"},"query-input":{"@type":"PropertyValueSpecification","valueRequired":true,"valueName":"search_term_string"}}],"inLanguage":"tr"},{"@type":"Organization","@id":"https:\/\/atalandtrading.com\/#organization","name":"Ataland Trading","url":"https:\/\/atalandtrading.com\/","logo":{"@type":"ImageObject","inLanguage":"tr","@id":"https:\/\/atalandtrading.com\/#\/schema\/logo\/image\/","url":"https:\/\/atalandtrading.com\/wp-content\/uploads\/2022\/02\/ataland-logo-328.png","contentUrl":"https:\/\/atalandtrading.com\/wp-content\/uploads\/2022\/02\/ataland-logo-328.png","width":328,"height":168,"caption":"Ataland Trading"},"image":{"@id":"https:\/\/atalandtrading.com\/#\/schema\/logo\/image\/"},"sameAs":["https:\/\/www.instagram.com\/atalandtrading\/","https:\/\/www.linkedin.com\/in\/ataland-trading-05b781232\/"]}]}},"_links":{"self":[{"href":"https:\/\/atalandtrading.com\/tr\/wp-json\/wp\/v2\/pages\/206","targetHints":{"allow":["GET"]}}],"collection":[{"href":"https:\/\/atalandtrading.com\/tr\/wp-json\/wp\/v2\/pages"}],"about":[{"href":"https:\/\/atalandtrading.com\/tr\/wp-json\/wp\/v2\/types\/page"}],"author":[{"embeddable":true,"href":"https:\/\/atalandtrading.com\/tr\/wp-json\/wp\/v2\/users\/1"}],"replies":[{"embeddable":true,"href":"https:\/\/atalandtrading.com\/tr\/wp-json\/wp\/v2\/comments?post=206"}],"version-history":[{"count":35,"href":"https:\/\/atalandtrading.com\/tr\/wp-json\/wp\/v2\/pages\/206\/revisions"}],"predecessor-version":[{"id":848,"href":"https:\/\/atalandtrading.com\/tr\/wp-json\/wp\/v2\/pages\/206\/revisions\/848"}],"wp:attachment":[{"href":"https:\/\/atalandtrading.com\/tr\/wp-json\/wp\/v2\/media?parent=206"}],"curies":[{"name":"wp","href":"https:\/\/api.w.org\/{rel}","templated":true}]}}