{"id":230,"date":"2019-04-09T03:06:33","date_gmt":"2019-04-09T03:06:33","guid":{"rendered":"http:\/\/shtheme.com\/demosd\/logzee\/?page_id=230"},"modified":"2019-04-09T03:06:33","modified_gmt":"2019-04-09T03:06:33","slug":"request-a-quote","status":"publish","type":"page","link":"https:\/\/atalandtrading.com\/tr\/request-a-quote\/","title":{"rendered":"Teklif Al!"},"content":{"rendered":"<div class=\"slider bg-navy-blue bg-scroll pos-rel breadcrumbs-page\" style=\"    background-image: url(https:\/\/atalandtrading.com\/wp-content\/uploads\/2019\/04\/breadcrumbs_bg.jpg);    background-repeat: no-repeat;    padding: 7rem 0;    background-position: center center !important;    margin-top: 136px;\">\n\n    <div class=\"container\">\n\n      <nav aria-label=\"breadcrumb\">\n\n        <ol class=\"breadcrumb\">\n\n          <li class=\"breadcrumb-item\"><a href=\"https:\/\/atalandtrading.com\/tr\/\"><i class=\"icofont-home\"><\/i><\/a><\/li>\n\n          <li class=\"breadcrumb-item\"><a href=\"https:\/\/atalandtrading.com\/tr\/\">Pages<\/a><\/li>\n\n          <li class=\"breadcrumb-item active\" aria-current=\"page\">Request a quote<\/li>\n\n        <\/ol>\n\n      <\/nav>  \n\n\n\n      <h1>Request a quote<\/h1>\n\n      <div class=\"breadcrumbs-description\">\n\n        Molestie consequat, vel illum dolore eu feugiat nulla facilisis at vero eros et accumsan et iusto.\n      <\/div>\n\n    <\/div>\n\n  <\/div>\n\n\n\n  <main id=\"body-content\">\n\n\n\n\n\t\t\t\n\n\n    <section class=\"pos-rel bg-blue-light\">\n\n      <div class=\"container-fluid p-0\">\n\n\n\n        <div class=\"d-lg-flex justify-content-end no-gutters mb-spacer-md\" style=\"box-shadow: 0px 18px 76px 0px rgba(0, 0, 0, 0.06);\">\n\n          <div class=\"col-md-12 col-lg-5 bg-fixed bg-img-8 request_pag_img\" style=\"    background-image: url(https:\/\/atalandtrading.com\/wp-content\/uploads\/2019\/04\/bg_8.jpg);    background-repeat: no-repeat;    background-position: left center !important;\">\n\n              &nbsp;\n\n          <\/div>\n\n\n\n\n\n          <div class=\"col-md-12 col-lg-7 col-sm-12\">\n\n            \n\n            <div class=\"wide-tb-90\">\n\n              <div class=\"col-sm-10 offset-md-1 col-md-10 col-lg-8\">\n\n                <h2 class=\"h2-sm mb-4 fw-7 txt-blue\">Teklif Al!<\/h2>                       \n\n                \n<div class=\"wpcf7 no-js\" id=\"wpcf7-f237-o1\" lang=\"en-US\" dir=\"ltr\" data-wpcf7-id=\"237\">\n<div class=\"screen-reader-response\"><p role=\"status\" aria-live=\"polite\" aria-atomic=\"true\"><\/p> <ul><\/ul><\/div>\n<form action=\"\/tr\/wp-json\/wp\/v2\/pages\/230#wpcf7-f237-o1\" method=\"post\" class=\"wpcf7-form init\" aria-label=\"Contact form\" novalidate=\"novalidate\" data-status=\"init\" data-trp-original-action=\"\/tr\/wp-json\/wp\/v2\/pages\/230#wpcf7-f237-o1\">\n<div style=\"display: none;\">\n<input type=\"hidden\" name=\"_wpcf7\" value=\"237\" \/>\n<input type=\"hidden\" name=\"_wpcf7_version\" value=\"6.0.2\" \/>\n<input type=\"hidden\" name=\"_wpcf7_locale\" value=\"en_US\" \/>\n<input type=\"hidden\" name=\"_wpcf7_unit_tag\" value=\"wpcf7-f237-o1\" \/>\n<input type=\"hidden\" name=\"_wpcf7_container_post\" value=\"0\" \/>\n<input type=\"hidden\" name=\"_wpcf7_posted_data_hash\" value=\"\" \/>\n<\/div>\n<div class=\"rounded-field\">\n\t<div class=\"form-row mb-12\">\n\t\t<div class=\"col\">\n\t\t\t<p><span class=\"wpcf7-form-control-wrap\" data-name=\"services\"><select class=\"wpcf7-form-control wpcf7-select wpcf7-validates-as-required custom-select\" aria-required=\"true\" aria-invalid=\"false\" name=\"services\"><option value=\"Services\">Hizmetlerimiz<\/option><option value=\"Foreign Trade\">D\u0131\u015f Ticaret<\/option><option value=\"Purchasing\">Sat\u0131nalma<\/option><option value=\"Merket Research\">Piyasa Ara\u015ft\u0131rmas\u0131<\/option><option value=\"Warehousing\">Depolama<\/option><option value=\"Labelling\">Etiketleme<\/option><option value=\"Transport\">Ta\u015f\u0131mac\u0131l\u0131k<\/option><\/select><\/span>\n\t\t\t<\/p>\n\t\t<\/div>\n\t<\/div>\n<\/div>\n<div class=\"form-row\">\n\t<div class=\"col\">\n\t\t<div class=\"center-head\">\n\t\t\t<p><span class=\"bg-blue-light txt-orange\">\u0130leti\u015fim Bilgileriniz<\/span>\n\t\t\t<\/p>\n\t\t<\/div>\n\t<\/div>\n<\/div>\n<div class=\"form-row mb-4\">\n\t<div class=\"col\">\n\t\t<p><span class=\"wpcf7-form-control-wrap\" data-name=\"your-name\"><input size=\"40\" maxlength=\"400\" class=\"wpcf7-form-control wpcf7-text wpcf7-validates-as-required form-control\" aria-required=\"true\" aria-invalid=\"false\" placeholder=\"Ad\u0131n\u0131z\" value=\"\" type=\"text\" name=\"your-name\" \/><\/span><br \/>\n<span class=\"wpcf7-form-control-wrap\" data-name=\"your-email\"><input size=\"40\" maxlength=\"400\" class=\"wpcf7-form-control wpcf7-email wpcf7-validates-as-required wpcf7-text wpcf7-validates-as-email form-control\" aria-required=\"true\" aria-invalid=\"false\" placeholder=\"Email\" value=\"\" type=\"email\" name=\"your-email\" \/><\/span><br \/>\n<span class=\"wpcf7-form-control-wrap\" data-name=\"your-number\"><input size=\"40\" maxlength=\"400\" class=\"wpcf7-form-control wpcf7-text wpcf7-validates-as-required form-control\" aria-required=\"true\" aria-invalid=\"false\" placeholder=\"Telefon Numaran\u0131z\" value=\"\" type=\"text\" name=\"your-number\" \/><\/span>\n\t\t<\/p>\n\t<\/div>\n\t<div class=\"col\">\n\t\t<p><span class=\"wpcf7-form-control-wrap\" data-name=\"your-message\"><textarea cols=\"40\" rows=\"10\" maxlength=\"2000\" class=\"wpcf7-form-control wpcf7-textarea wpcf7-validates-as-required form-control\" aria-required=\"true\" aria-invalid=\"false\" placeholder=\"Mesaj\u0131n\u0131z\" name=\"your-message\"><\/textarea><\/span>\n\t\t<\/p>\n\t<\/div>\n<\/div>\n<div class=\"form-row\">\n\t<div class=\"col pt-3\">\n\t\t<p><input class=\"wpcf7-form-control wpcf7-submit has-spinner form-btn btn-theme bg-orange\" type=\"submit\" value=\"G\u00f6nder\" \/>\n\t\t<\/p>\n\t<\/div>\n<\/div>\n<div class=\"wpcf7-response-output\" aria-hidden=\"true\"><\/div>\n<input type=\"hidden\" name=\"trp-form-language\" value=\"tr\"\/><\/form>\n<\/div>\n      \n\n              <\/div>        \n\n              \n\n            <\/div>\n\n          <\/div>\n\n        <\/div>\n\n      <\/div>        \n\n    <\/section>\n\n\n\n\n\t\t\t\n\n\n    <section class=\"wide-tb-80 bg-scroll bg-img-6 pos-rel callout-style-1\">\n\n      <div class=\"bg-overlay blue opacity-60\"><\/div>\n\n      <div class=\"container\">\n\n        <div class=\"row align-items-center\">\n\n            <div class=\"col-lg-4 col-md-12 mb-0 wow slideInUp\" data-wow-duration=\"0\" data-wow-delay=\"0.1s\">\n\n              <h4 class=\"h4-xl\">Ataland Trading ile \u00e7al\u0131\u015fmak ister misiniz?<\/h4>\n\n            <\/div>\n\n            <div class=\"col wow slideInUp\" data-wow-duration=\"0\" data-wow-delay=\"0.2s\">\n\n              <div class=\"center-text\">\n\n                Sadece tedarik\u00e7ileri y\u00f6netmiyoruz, onlar\u0131 mikro y\u00f6netiyoruz. Dan\u0131\u015fmanl\u0131kta, ki\u015fiselle\u015ftirilmi\u015f bir yakla\u015f\u0131m\u0131m\u0131z var.\n              <\/div>\n\n            <\/div>\n\n            <div class=\"col-sm-auto wow slideInUp\" data-wow-duration=\"0\" data-wow-delay=\"0.3s\">\n\n              <a href=\"#\" class=\"btn btn-theme bg-white bordered\">Bize Ula\u015f\u0131n! <i class=\"icofont-rounded-right\"><\/i><\/a>\n\n            <\/div>\n\n        <\/div>\n\n      <\/div>\n\n    <\/section>","protected":false},"excerpt":{"rendered":"Pages Request a quote Request a quote Molestie consequat, vel illum dolore eu feugiat nulla facilisis at vero eros et accumsan et iusto. &nbsp; Request A Quote ServicesForeign TradePurchasingMerket ResearchWarehousingLabellingTransport Your Personal Details Interested in working with Ataland Trading? We don\u2019t just manage suppliers, we micro-manage them. We have a consultative, personalized approach Get In [...]","protected":false},"author":1,"featured_media":0,"parent":0,"menu_order":0,"comment_status":"closed","ping_status":"closed","template":"page-templates\/our-pricing.php","meta":{"footnotes":""},"class_list":["post-230","page","type-page","status-publish","hentry"],"yoast_head":"<!-- This site is optimized with the Yoast SEO plugin v24.1 - https:\/\/yoast.com\/wordpress\/plugins\/seo\/ -->\n<title>Request A Quote | Ataland Trading<\/title>\n<meta name=\"robots\" content=\"index, follow, max-snippet:-1, max-image-preview:large, max-video-preview:-1\" \/>\n<link rel=\"canonical\" href=\"https:\/\/atalandtrading.com\/tr\/request-a-quote\/\" \/>\n<meta property=\"og:locale\" content=\"tr_TR\" \/>\n<meta property=\"og:type\" content=\"article\" \/>\n<meta property=\"og:title\" content=\"Request A Quote | Ataland Trading\" \/>\n<meta property=\"og:url\" content=\"https:\/\/atalandtrading.com\/tr\/request-a-quote\/\" \/>\n<meta property=\"og:site_name\" content=\"Ataland Trading\" \/>\n<meta name=\"twitter:card\" content=\"summary_large_image\" \/>\n<script type=\"application\/ld+json\" class=\"yoast-schema-graph\">{\"@context\":\"https:\/\/schema.org\",\"@graph\":[{\"@type\":\"WebPage\",\"@id\":\"https:\/\/atalandtrading.com\/request-a-quote\/\",\"url\":\"https:\/\/atalandtrading.com\/request-a-quote\/\",\"name\":\"Request A Quote | Ataland Trading\",\"isPartOf\":{\"@id\":\"https:\/\/atalandtrading.com\/#website\"},\"datePublished\":\"2019-04-09T03:06:33+00:00\",\"dateModified\":\"2019-04-09T03:06:33+00:00\",\"breadcrumb\":{\"@id\":\"https:\/\/atalandtrading.com\/request-a-quote\/#breadcrumb\"},\"inLanguage\":\"tr\",\"potentialAction\":[{\"@type\":\"ReadAction\",\"target\":[\"https:\/\/atalandtrading.com\/request-a-quote\/\"]}]},{\"@type\":\"BreadcrumbList\",\"@id\":\"https:\/\/atalandtrading.com\/request-a-quote\/#breadcrumb\",\"itemListElement\":[{\"@type\":\"ListItem\",\"position\":1,\"name\":\"Home\",\"item\":\"https:\/\/atalandtrading.com\/tr\/\"},{\"@type\":\"ListItem\",\"position\":2,\"name\":\"Request A Quote\"}]},{\"@type\":\"WebSite\",\"@id\":\"https:\/\/atalandtrading.com\/#website\",\"url\":\"https:\/\/atalandtrading.com\/\",\"name\":\"Ataland Trading\",\"description\":\"\",\"publisher\":{\"@id\":\"https:\/\/atalandtrading.com\/#organization\"},\"potentialAction\":[{\"@type\":\"SearchAction\",\"target\":{\"@type\":\"EntryPoint\",\"urlTemplate\":\"https:\/\/atalandtrading.com\/?s={search_term_string}\"},\"query-input\":{\"@type\":\"PropertyValueSpecification\",\"valueRequired\":true,\"valueName\":\"search_term_string\"}}],\"inLanguage\":\"tr\"},{\"@type\":\"Organization\",\"@id\":\"https:\/\/atalandtrading.com\/#organization\",\"name\":\"Ataland Trading\",\"url\":\"https:\/\/atalandtrading.com\/\",\"logo\":{\"@type\":\"ImageObject\",\"inLanguage\":\"tr\",\"@id\":\"https:\/\/atalandtrading.com\/#\/schema\/logo\/image\/\",\"url\":\"https:\/\/atalandtrading.com\/wp-content\/uploads\/2022\/02\/ataland-logo-328.png\",\"contentUrl\":\"https:\/\/atalandtrading.com\/wp-content\/uploads\/2022\/02\/ataland-logo-328.png\",\"width\":328,\"height\":168,\"caption\":\"Ataland Trading\"},\"image\":{\"@id\":\"https:\/\/atalandtrading.com\/#\/schema\/logo\/image\/\"},\"sameAs\":[\"https:\/\/www.instagram.com\/atalandtrading\/\",\"https:\/\/www.linkedin.com\/in\/ataland-trading-05b781232\/\"]}]}<\/script>\n<!-- \/ Yoast SEO plugin. -->","yoast_head_json":{"title":"Request A Quote | Ataland Trading","robots":{"index":"index","follow":"follow","max-snippet":"max-snippet:-1","max-image-preview":"max-image-preview:large","max-video-preview":"max-video-preview:-1"},"canonical":"https:\/\/atalandtrading.com\/tr\/request-a-quote\/","og_locale":"tr_TR","og_type":"article","og_title":"Request A Quote | Ataland Trading","og_url":"https:\/\/atalandtrading.com\/tr\/request-a-quote\/","og_site_name":"Ataland Trading","twitter_card":"summary_large_image","schema":{"@context":"https:\/\/schema.org","@graph":[{"@type":"WebPage","@id":"https:\/\/atalandtrading.com\/request-a-quote\/","url":"https:\/\/atalandtrading.com\/request-a-quote\/","name":"Request A Quote | Ataland Trading","isPartOf":{"@id":"https:\/\/atalandtrading.com\/#website"},"datePublished":"2019-04-09T03:06:33+00:00","dateModified":"2019-04-09T03:06:33+00:00","breadcrumb":{"@id":"https:\/\/atalandtrading.com\/request-a-quote\/#breadcrumb"},"inLanguage":"tr","potentialAction":[{"@type":"ReadAction","target":["https:\/\/atalandtrading.com\/request-a-quote\/"]}]},{"@type":"BreadcrumbList","@id":"https:\/\/atalandtrading.com\/request-a-quote\/#breadcrumb","itemListElement":[{"@type":"ListItem","position":1,"name":"Home","item":"https:\/\/atalandtrading.com\/tr\/"},{"@type":"ListItem","position":2,"name":"Request A Quote"}]},{"@type":"WebSite","@id":"https:\/\/atalandtrading.com\/#website","url":"https:\/\/atalandtrading.com\/","name":"Ataland Trading","description":"","publisher":{"@id":"https:\/\/atalandtrading.com\/#organization"},"potentialAction":[{"@type":"SearchAction","target":{"@type":"EntryPoint","urlTemplate":"https:\/\/atalandtrading.com\/?s={search_term_string}"},"query-input":{"@type":"PropertyValueSpecification","valueRequired":true,"valueName":"search_term_string"}}],"inLanguage":"tr"},{"@type":"Organization","@id":"https:\/\/atalandtrading.com\/#organization","name":"Ataland Trading","url":"https:\/\/atalandtrading.com\/","logo":{"@type":"ImageObject","inLanguage":"tr","@id":"https:\/\/atalandtrading.com\/#\/schema\/logo\/image\/","url":"https:\/\/atalandtrading.com\/wp-content\/uploads\/2022\/02\/ataland-logo-328.png","contentUrl":"https:\/\/atalandtrading.com\/wp-content\/uploads\/2022\/02\/ataland-logo-328.png","width":328,"height":168,"caption":"Ataland Trading"},"image":{"@id":"https:\/\/atalandtrading.com\/#\/schema\/logo\/image\/"},"sameAs":["https:\/\/www.instagram.com\/atalandtrading\/","https:\/\/www.linkedin.com\/in\/ataland-trading-05b781232\/"]}]}},"_links":{"self":[{"href":"https:\/\/atalandtrading.com\/tr\/wp-json\/wp\/v2\/pages\/230","targetHints":{"allow":["GET"]}}],"collection":[{"href":"https:\/\/atalandtrading.com\/tr\/wp-json\/wp\/v2\/pages"}],"about":[{"href":"https:\/\/atalandtrading.com\/tr\/wp-json\/wp\/v2\/types\/page"}],"author":[{"embeddable":true,"href":"https:\/\/atalandtrading.com\/tr\/wp-json\/wp\/v2\/users\/1"}],"replies":[{"embeddable":true,"href":"https:\/\/atalandtrading.com\/tr\/wp-json\/wp\/v2\/comments?post=230"}],"version-history":[{"count":0,"href":"https:\/\/atalandtrading.com\/tr\/wp-json\/wp\/v2\/pages\/230\/revisions"}],"wp:attachment":[{"href":"https:\/\/atalandtrading.com\/tr\/wp-json\/wp\/v2\/media?parent=230"}],"curies":[{"name":"wp","href":"https:\/\/api.w.org\/{rel}","templated":true}]}}