{"id":286,"date":"2019-04-10T08:14:13","date_gmt":"2019-04-10T08:14:13","guid":{"rendered":"http:\/\/shtheme.com\/demosd\/logzee\/?page_id=286"},"modified":"2022-04-29T14:02:21","modified_gmt":"2022-04-29T14:02:21","slug":"contact-us","status":"publish","type":"page","link":"https:\/\/atalandtrading.com\/tr\/contact-us\/","title":{"rendered":"\u0130leti\u015fim"},"content":{"rendered":"<div class=\"slider bg-navy-blue bg-scroll pos-rel breadcrumbs-page\" style=\"    background-image: url(https:\/\/atalandtrading.com\/wp-content\/uploads\/2019\/04\/banner_slider.jpg);    background-repeat: no-repeat;    padding: 7rem 0;    background-position: center center !important;    margin-top: 136px;\">\n\n    <div class=\"container\">\n\n      <nav aria-label=\"breadcrumb\">\n\n        <ol class=\"breadcrumb\">\n\n          <li class=\"breadcrumb-item\"><a href=\"https:\/\/atalandtrading.com\/tr\/\"><i class=\"icofont-home\"><\/i><\/a><\/li>\n\n          <li class=\"breadcrumb-item\"><a href=\"https:\/\/atalandtrading.com\/tr\/\">Pages<\/a><\/li>\n\n          <li class=\"breadcrumb-item active\" aria-current=\"page\">\u0130leti\u015fim<\/li>\n\n        <\/ol>\n\n      <\/nav>  \n\n\n\n      <h1>\u0130leti\u015fim<\/h1>\n\n      <div class=\"breadcrumbs-description\">\n\n        ''We Are In One Click Distance To You''\n      <\/div>\n\n    <\/div>\n\n  <\/div>\n\n\n\n  <main id=\"body-content\">\n\n\n\n<section class=\"wide-tb-80 contact-full-shadow\">\n\n      <div class=\"container\">\n\n        <div class=\"contact-map-bg\">\n\n          <img decoding=\"async\" src=\"https:\/\/atalandtrading.com\/wp-content\/uploads\/2019\/04\/map-bg.png\" alt=\"\">\n\n        <\/div>\n\n        <div class=\"row justify-content-between\">\n\t\t\t \n\n                    \n\n    <div class=\"col-md-6 col-sm-12 col-lg-4 wow fadeInLeft\" data-wow-duration=\"0\" data-wow-delay=\"0s\">\n\n        <div class=\"contact-detail-shadow\">\n\n          <h4>Ataland D\u0131\u015f Ticaret Ltd. \u015eti.<\/h4>\n\n          <div class=\"d-flex align-items-start items\">\n\n            <i class=\"icofont-google-map\"><\/i> <span>Ac\u0131badem Mah. Defne Sk. \u0130brahima\u011fa Sitesi B1C\/60 TR-34718 Kad\u0131k\u00f6y \u0130stanbul T\u00fcrkiye<\/span>\n\n        <\/div>\n\n        <div class=\"d-flex align-items-start items\">\n\n            <i class=\"icofont-phone\"><\/i> <span>+90 533 615 50 40<\/span>\n\n        <\/div>\n\n        <div class=\"text-nowrap d-flex align-items-start items\">\n\n            <i class=\"icofont-email\"><\/i> <a href=\"mailto:info@atalandtrading.com\">info@atalandtrading.com<\/a>\n\n        <\/div>\n\n    <\/div>\n\n<\/div>\n\n                    \n\n<\/div>\n\n          <\/div>\n\n        <\/section>\n\t\t\t \n\n                    \n\n    <section class=\"wide-tb-100 bg-light-gray pt-0\">\n\n      <div class=\"container\">\n\n        <div class=\"row\">\n\n          <div class=\"col-md-12 col-sm-12 col-lg-8 offset-lg-2 wow fadeInUp\" data-wow-duration=\"0\" data-wow-delay=\"0s\">\n\n            <div class=\"free-quote-form-1 contact-page\">\n\n                <!-- Heading Main -->\n\n                <h1 class=\"heading-main mb-4\">\n\n                  Bize Yaz\u0131n!\n                <\/h1>\n\n                <!-- Heading Main -->\n\n                \n\n                \n<div class=\"wpcf7 no-js\" id=\"wpcf7-f290-o1\" lang=\"en-US\" dir=\"ltr\" data-wpcf7-id=\"290\">\n<div class=\"screen-reader-response\"><p role=\"status\" aria-live=\"polite\" aria-atomic=\"true\"><\/p> <ul><\/ul><\/div>\n<form action=\"\/tr\/wp-json\/wp\/v2\/pages\/286#wpcf7-f290-o1\" method=\"post\" class=\"wpcf7-form init\" aria-label=\"Contact form\" novalidate=\"novalidate\" data-status=\"init\" data-trp-original-action=\"\/tr\/wp-json\/wp\/v2\/pages\/286#wpcf7-f290-o1\">\n<div style=\"display: none;\">\n<input type=\"hidden\" name=\"_wpcf7\" value=\"290\" \/>\n<input type=\"hidden\" name=\"_wpcf7_version\" value=\"6.0.2\" \/>\n<input type=\"hidden\" name=\"_wpcf7_locale\" value=\"en_US\" \/>\n<input type=\"hidden\" name=\"_wpcf7_unit_tag\" value=\"wpcf7-f290-o1\" \/>\n<input type=\"hidden\" name=\"_wpcf7_container_post\" value=\"0\" \/>\n<input type=\"hidden\" name=\"_wpcf7_posted_data_hash\" value=\"\" \/>\n<\/div>\n<div id=\"contactusForm\" novalidate=\"novalidate\" class=\"col rounded-field\">\n\t<div class=\"form-row mb-4\">\n\t\t<div class=\"col\">\n\t\t\t<p><span class=\"wpcf7-form-control-wrap\" data-name=\"your-name\"><input size=\"40\" maxlength=\"400\" class=\"wpcf7-form-control wpcf7-text wpcf7-validates-as-required form-control\" aria-required=\"true\" aria-invalid=\"false\" placeholder=\"Ad\u0131n\u0131z\" value=\"\" type=\"text\" name=\"your-name\" \/><\/span>\n\t\t\t<\/p>\n\t\t<\/div>\n\t\t<div class=\"col\">\n\t\t\t<p><span class=\"wpcf7-form-control-wrap\" data-name=\"your-email\"><input size=\"40\" maxlength=\"400\" class=\"wpcf7-form-control wpcf7-email wpcf7-validates-as-required wpcf7-text wpcf7-validates-as-email form-control\" aria-required=\"true\" aria-invalid=\"false\" placeholder=\"Email\" value=\"\" type=\"email\" name=\"your-email\" \/><\/span>\n\t\t\t<\/p>\n\t\t<\/div>\n\t<\/div>\n\t<div class=\"form-row mb-4\">\n\t\t<div class=\"col\">\n\t\t\t<p><span class=\"wpcf7-form-control-wrap\" data-name=\"your-company\"><input size=\"40\" maxlength=\"400\" class=\"wpcf7-form-control wpcf7-text wpcf7-validates-as-required form-control\" aria-required=\"true\" aria-invalid=\"false\" placeholder=\"Firma Ad\u0131\" value=\"\" type=\"text\" name=\"your-company\" \/><\/span>\n\t\t\t<\/p>\n\t\t<\/div>\n\t<\/div>\n\t<div class=\"form-row mb-4\">\n\t\t<div class=\"col\">\n\t\t\t<p><span class=\"wpcf7-form-control-wrap\" data-name=\"your-phone\"><input size=\"40\" maxlength=\"400\" class=\"wpcf7-form-control wpcf7-text wpcf7-validates-as-required form-control\" aria-required=\"true\" aria-invalid=\"false\" placeholder=\"Telefon numaran\u0131z\" value=\"\" type=\"text\" name=\"your-phone\" \/><\/span>\n\t\t\t<\/p>\n\t\t<\/div>\n\t<\/div>\n\t<div class=\"form-row mb-4\">\n\t\t<div class=\"col\">\n\t\t\t<p><span class=\"wpcf7-form-control-wrap\" data-name=\"textarea-10\"><textarea cols=\"40\" rows=\"10\" maxlength=\"2000\" class=\"wpcf7-form-control wpcf7-textarea wpcf7-validates-as-required form-control\" id=\"cment\" aria-required=\"true\" aria-invalid=\"false\" placeholder=\"Mesaj\u0131n\u0131z\" name=\"textarea-10\"><\/textarea><\/span>\n\t\t\t<\/p>\n\t\t<\/div>\n\t<\/div>\n\t<div class=\"form-row text-center\">\n\t\t<p><input class=\"wpcf7-form-control wpcf7-submit has-spinner form-btn mx-auto btn-theme bg-orange\" type=\"submit\" value=\"G\u00f6nder\" \/>\n\t\t<\/p>\n\t<\/div>\n<\/div><div class=\"wpcf7-response-output\" aria-hidden=\"true\"><\/div>\n<input type=\"hidden\" name=\"trp-form-language\" value=\"tr\"\/><\/form>\n<\/div>\n       \n\n              <\/div>\n\n          <\/div>\n\n        <\/div>\n\n      <\/div>\n\n    <\/section>\n\n                    \n\n\n\t\t\t  \n\n    <section class=\"map-bg\">\n\n      <div id=\"map-holder\" class=\"pos-rel\">\n\n          <iframe loading=\"lazy\" src=\"https:\/\/www.google.com\/maps\/embed?pb=!1m18!1m12!1m3!1d752.7953253264656!2d29.0360579292316!3d40.999404798706365!2m3!1f0!2f0!3f0!3m2!1i1024!2i768!4f13.1!3m3!1m2!1s0x14cab80da88ca3fb%3A0x80eb62b20d06d9c0!2zQWPEsWJhZGVtLCBEZWZuZSBTb2thxJ_EsSA2QSwgMzQ3MTggS2FkxLFrw7Z5L8Swc3RhbmJ1bA!5e0!3m2!1str!2str!4v1646597685909!5m2!1str!2str\" width=\"100%\" height=\"100%\" frameborder=\"0\" style=\"border:0\" allowfullscreen><\/iframe>\n\n      <\/div>\n\n  <\/section>","protected":false},"excerpt":{"rendered":"Pages Contact Us Contact Us ''We Are In One Click Distance To You'' Ataland D\u0131\u015f Ticaret Ltd. \u015eti. Ac\u0131badem Mah. Defne Sk. \u0130brahima\u011fa Sitesi B1C\/60 TR-34718 Kad\u0131k\u00f6y \u0130stanbul Turkey +90 533 615 50 40 info@atalandtrading.com Get in touch","protected":false},"author":1,"featured_media":0,"parent":0,"menu_order":0,"comment_status":"closed","ping_status":"closed","template":"page-templates\/our-pricing.php","meta":{"footnotes":""},"class_list":["post-286","page","type-page","status-publish","hentry"],"yoast_head":"<!-- This site is optimized with the Yoast SEO plugin v24.1 - https:\/\/yoast.com\/wordpress\/plugins\/seo\/ -->\n<title>Contact Us | Ataland Trading<\/title>\n<meta name=\"robots\" content=\"index, follow, max-snippet:-1, max-image-preview:large, max-video-preview:-1\" \/>\n<link rel=\"canonical\" href=\"https:\/\/atalandtrading.com\/tr\/contact-us\/\" \/>\n<meta property=\"og:locale\" content=\"tr_TR\" \/>\n<meta property=\"og:type\" content=\"article\" \/>\n<meta property=\"og:title\" content=\"Contact Us | Ataland Trading\" \/>\n<meta property=\"og:url\" content=\"https:\/\/atalandtrading.com\/tr\/contact-us\/\" \/>\n<meta property=\"og:site_name\" content=\"Ataland Trading\" \/>\n<meta property=\"article:modified_time\" content=\"2022-04-29T14:02:21+00:00\" \/>\n<meta name=\"twitter:card\" content=\"summary_large_image\" \/>\n<meta name=\"twitter:label1\" content=\"Tahmini okuma s\u00fcresi\" \/>\n\t<meta name=\"twitter:data1\" content=\"1 dakika\" \/>\n<script type=\"application\/ld+json\" class=\"yoast-schema-graph\">{\"@context\":\"https:\/\/schema.org\",\"@graph\":[{\"@type\":\"WebPage\",\"@id\":\"https:\/\/atalandtrading.com\/contact-us\/\",\"url\":\"https:\/\/atalandtrading.com\/contact-us\/\",\"name\":\"Contact Us | Ataland Trading\",\"isPartOf\":{\"@id\":\"https:\/\/atalandtrading.com\/#website\"},\"datePublished\":\"2019-04-10T08:14:13+00:00\",\"dateModified\":\"2022-04-29T14:02:21+00:00\",\"breadcrumb\":{\"@id\":\"https:\/\/atalandtrading.com\/contact-us\/#breadcrumb\"},\"inLanguage\":\"tr\",\"potentialAction\":[{\"@type\":\"ReadAction\",\"target\":[\"https:\/\/atalandtrading.com\/contact-us\/\"]}]},{\"@type\":\"BreadcrumbList\",\"@id\":\"https:\/\/atalandtrading.com\/contact-us\/#breadcrumb\",\"itemListElement\":[{\"@type\":\"ListItem\",\"position\":1,\"name\":\"Home\",\"item\":\"https:\/\/atalandtrading.com\/tr\/\"},{\"@type\":\"ListItem\",\"position\":2,\"name\":\"Contact Us\"}]},{\"@type\":\"WebSite\",\"@id\":\"https:\/\/atalandtrading.com\/#website\",\"url\":\"https:\/\/atalandtrading.com\/\",\"name\":\"Ataland Trading\",\"description\":\"\",\"publisher\":{\"@id\":\"https:\/\/atalandtrading.com\/#organization\"},\"potentialAction\":[{\"@type\":\"SearchAction\",\"target\":{\"@type\":\"EntryPoint\",\"urlTemplate\":\"https:\/\/atalandtrading.com\/?s={search_term_string}\"},\"query-input\":{\"@type\":\"PropertyValueSpecification\",\"valueRequired\":true,\"valueName\":\"search_term_string\"}}],\"inLanguage\":\"tr\"},{\"@type\":\"Organization\",\"@id\":\"https:\/\/atalandtrading.com\/#organization\",\"name\":\"Ataland Trading\",\"url\":\"https:\/\/atalandtrading.com\/\",\"logo\":{\"@type\":\"ImageObject\",\"inLanguage\":\"tr\",\"@id\":\"https:\/\/atalandtrading.com\/#\/schema\/logo\/image\/\",\"url\":\"https:\/\/atalandtrading.com\/wp-content\/uploads\/2022\/02\/ataland-logo-328.png\",\"contentUrl\":\"https:\/\/atalandtrading.com\/wp-content\/uploads\/2022\/02\/ataland-logo-328.png\",\"width\":328,\"height\":168,\"caption\":\"Ataland Trading\"},\"image\":{\"@id\":\"https:\/\/atalandtrading.com\/#\/schema\/logo\/image\/\"},\"sameAs\":[\"https:\/\/www.instagram.com\/atalandtrading\/\",\"https:\/\/www.linkedin.com\/in\/ataland-trading-05b781232\/\"]}]}<\/script>\n<!-- \/ Yoast SEO plugin. -->","yoast_head_json":{"title":"Contact Us | Ataland Trading","robots":{"index":"index","follow":"follow","max-snippet":"max-snippet:-1","max-image-preview":"max-image-preview:large","max-video-preview":"max-video-preview:-1"},"canonical":"https:\/\/atalandtrading.com\/tr\/contact-us\/","og_locale":"tr_TR","og_type":"article","og_title":"Contact Us | Ataland Trading","og_url":"https:\/\/atalandtrading.com\/tr\/contact-us\/","og_site_name":"Ataland Trading","article_modified_time":"2022-04-29T14:02:21+00:00","twitter_card":"summary_large_image","twitter_misc":{"Tahmini okuma s\u00fcresi":"1 dakika"},"schema":{"@context":"https:\/\/schema.org","@graph":[{"@type":"WebPage","@id":"https:\/\/atalandtrading.com\/contact-us\/","url":"https:\/\/atalandtrading.com\/contact-us\/","name":"Contact Us | Ataland Trading","isPartOf":{"@id":"https:\/\/atalandtrading.com\/#website"},"datePublished":"2019-04-10T08:14:13+00:00","dateModified":"2022-04-29T14:02:21+00:00","breadcrumb":{"@id":"https:\/\/atalandtrading.com\/contact-us\/#breadcrumb"},"inLanguage":"tr","potentialAction":[{"@type":"ReadAction","target":["https:\/\/atalandtrading.com\/contact-us\/"]}]},{"@type":"BreadcrumbList","@id":"https:\/\/atalandtrading.com\/contact-us\/#breadcrumb","itemListElement":[{"@type":"ListItem","position":1,"name":"Home","item":"https:\/\/atalandtrading.com\/tr\/"},{"@type":"ListItem","position":2,"name":"Contact Us"}]},{"@type":"WebSite","@id":"https:\/\/atalandtrading.com\/#website","url":"https:\/\/atalandtrading.com\/","name":"Ataland Trading","description":"","publisher":{"@id":"https:\/\/atalandtrading.com\/#organization"},"potentialAction":[{"@type":"SearchAction","target":{"@type":"EntryPoint","urlTemplate":"https:\/\/atalandtrading.com\/?s={search_term_string}"},"query-input":{"@type":"PropertyValueSpecification","valueRequired":true,"valueName":"search_term_string"}}],"inLanguage":"tr"},{"@type":"Organization","@id":"https:\/\/atalandtrading.com\/#organization","name":"Ataland Trading","url":"https:\/\/atalandtrading.com\/","logo":{"@type":"ImageObject","inLanguage":"tr","@id":"https:\/\/atalandtrading.com\/#\/schema\/logo\/image\/","url":"https:\/\/atalandtrading.com\/wp-content\/uploads\/2022\/02\/ataland-logo-328.png","contentUrl":"https:\/\/atalandtrading.com\/wp-content\/uploads\/2022\/02\/ataland-logo-328.png","width":328,"height":168,"caption":"Ataland Trading"},"image":{"@id":"https:\/\/atalandtrading.com\/#\/schema\/logo\/image\/"},"sameAs":["https:\/\/www.instagram.com\/atalandtrading\/","https:\/\/www.linkedin.com\/in\/ataland-trading-05b781232\/"]}]}},"_links":{"self":[{"href":"https:\/\/atalandtrading.com\/tr\/wp-json\/wp\/v2\/pages\/286","targetHints":{"allow":["GET"]}}],"collection":[{"href":"https:\/\/atalandtrading.com\/tr\/wp-json\/wp\/v2\/pages"}],"about":[{"href":"https:\/\/atalandtrading.com\/tr\/wp-json\/wp\/v2\/types\/page"}],"author":[{"embeddable":true,"href":"https:\/\/atalandtrading.com\/tr\/wp-json\/wp\/v2\/users\/1"}],"replies":[{"embeddable":true,"href":"https:\/\/atalandtrading.com\/tr\/wp-json\/wp\/v2\/comments?post=286"}],"version-history":[{"count":22,"href":"https:\/\/atalandtrading.com\/tr\/wp-json\/wp\/v2\/pages\/286\/revisions"}],"predecessor-version":[{"id":854,"href":"https:\/\/atalandtrading.com\/tr\/wp-json\/wp\/v2\/pages\/286\/revisions\/854"}],"wp:attachment":[{"href":"https:\/\/atalandtrading.com\/tr\/wp-json\/wp\/v2\/media?parent=286"}],"curies":[{"name":"wp","href":"https:\/\/api.w.org\/{rel}","templated":true}]}}