{"id":499,"date":"2022-03-06T21:40:04","date_gmt":"2022-03-06T21:40:04","guid":{"rendered":"https:\/\/atalandtrading.com\/?page_id=499"},"modified":"2022-04-29T15:21:41","modified_gmt":"2022-04-29T15:21:41","slug":"services","status":"publish","type":"page","link":"https:\/\/atalandtrading.com\/tr\/services\/","title":{"rendered":"Hizmetlerimiz"},"content":{"rendered":"<div class=\"slider bg-navy-blue bg-scroll pos-rel breadcrumbs-page\" style=\"    background-image: url(https:\/\/atalandtrading.com\/wp-content\/uploads\/2019\/04\/banner_slider.jpg);    background-repeat: no-repeat;    padding: 7rem 0;    background-position: center center !important;    margin-top: 136px;\">\n\n    <div class=\"container\">\n\n      <nav aria-label=\"breadcrumb\">\n\n        <ol class=\"breadcrumb\">\n\n          <li class=\"breadcrumb-item\"><a href=\"https:\/\/atalandtrading.com\/tr\/\"><i class=\"icofont-home\"><\/i><\/a><\/li>\n\n          <li class=\"breadcrumb-item\"><a href=\"https:\/\/atalandtrading.com\/tr\/\">Pages<\/a><\/li>\n\n          <li class=\"breadcrumb-item active\" aria-current=\"page\">Hizmetlerimiz<\/li>\n\n        <\/ol>\n\n      <\/nav>  \n\n\n\n      <h1>Hizmetlerimiz<\/h1>\n\n      <div class=\"breadcrumbs-description\">\n\n        ''Foreign Trade Has Never Been That Much Fun''\n      <\/div>\n\n    <\/div>\n\n  <\/div>\n\n\n\n  <main id=\"body-content\">\n\n\n\n\n\t\t\t\n    <section class=\"bg-white wide-tb-100\">\n\n      <div class=\"container\">\n\n        <div class=\"row\">\n\n          <!-- Heading Main -->\n\n          <div class=\"col-sm-12 wow fadeInDown\" data-wow-duration=\"0\" data-wow-delay=\"0s\">\n\n            <h1 class=\"heading-main\">\n\n              <span><\/span>\n\n              H\u0130ZMETLER\u0130M\u0130Z\n            <\/h1>\n\n          <\/div>\n\n          \n          <div class=\"col-md-4 wow fadeInUp\" data-wow-duration=\"0\" data-wow-delay=\"0.1s\">    \n\n            <a href=\"https:\/\/atalandtrading.com\/tr\/service\/foreign-trade\/\">          \n\n              <div class=\"icon-box-1\">\n\n                <img decoding=\"async\" src=\"https:\/\/atalandtrading.com\/wp-content\/uploads\/2022\/03\/foreign-trade-1.jpg\" alt=\"\">\n\n                <div class=\"text\">\n\n                  <i class=\"icofont-airplane-alt\"><\/i>\n\n                  DI\u015e T\u0130CARET\n                <\/div>\n\n              <\/div>              \n\n            <\/a>\n\n          <\/div>\n\n            \n          <div class=\"col-md-4 wow fadeInUp\" data-wow-duration=\"0\" data-wow-delay=\"0.1s\">    \n\n            <a href=\"https:\/\/atalandtrading.com\/tr\/service\/purchasing\/\">          \n\n              <div class=\"icon-box-1\">\n\n                <img decoding=\"async\" src=\"https:\/\/atalandtrading.com\/wp-content\/uploads\/2019\/04\/purchasing-1.jpg\" alt=\"\">\n\n                <div class=\"text\">\n\n                  <i class=\"icofont-law-document\"><\/i>\n\n                  SATINALMA\n                <\/div>\n\n              <\/div>              \n\n            <\/a>\n\n          <\/div>\n\n            \n          <div class=\"col-md-4 wow fadeInUp\" data-wow-duration=\"0\" data-wow-delay=\"0.1s\">    \n\n            <a href=\"https:\/\/atalandtrading.com\/tr\/service\/market-research\/\">          \n\n              <div class=\"icon-box-1\">\n\n                <img decoding=\"async\" src=\"https:\/\/atalandtrading.com\/wp-content\/uploads\/2019\/04\/market-research-1.jpg\" alt=\"\">\n\n                <div class=\"text\">\n\n                  <i class=\"icofont-pie-chart\"><\/i>\n\n                  P\u0130YASA ARA\u015eTIRMASI\n                <\/div>\n\n              <\/div>              \n\n            <\/a>\n\n          <\/div>\n\n            \n          <div class=\"col-md-4 wow fadeInUp\" data-wow-duration=\"0\" data-wow-delay=\"0.1s\">    \n\n            <a href=\"https:\/\/atalandtrading.com\/tr\/service\/warehousing\/\">          \n\n              <div class=\"icon-box-1\">\n\n                <img decoding=\"async\" src=\"https:\/\/atalandtrading.com\/wp-content\/uploads\/2019\/04\/warehouse-ataland-trading-services.jpg\" alt=\"\">\n\n                <div class=\"text\">\n\n                  <i class=\"icofont-database\"><\/i>\n\n                  DEPOLAMA\n                <\/div>\n\n              <\/div>              \n\n            <\/a>\n\n          <\/div>\n\n            \n          <div class=\"col-md-4 wow fadeInUp\" data-wow-duration=\"0\" data-wow-delay=\"0.1s\">    \n\n            <a href=\"https:\/\/atalandtrading.com\/tr\/service\/labelling\/\">          \n\n              <div class=\"icon-box-1\">\n\n                <img decoding=\"async\" src=\"https:\/\/atalandtrading.com\/wp-content\/uploads\/2022\/03\/Labelling-1.jpg\" alt=\"\">\n\n                <div class=\"text\">\n\n                  <i class=\"icofont-label\"><\/i>\n\n                  ET\u0130KETLEME\n                <\/div>\n\n              <\/div>              \n\n            <\/a>\n\n          <\/div>\n\n            \n          <div class=\"col-md-4 wow fadeInUp\" data-wow-duration=\"0\" data-wow-delay=\"0.1s\">    \n\n            <a href=\"https:\/\/atalandtrading.com\/tr\/service\/transport\/\">          \n\n              <div class=\"icon-box-1\">\n\n                <img decoding=\"async\" src=\"https:\/\/atalandtrading.com\/wp-content\/uploads\/2019\/04\/icon-box-3.jpg\" alt=\"\">\n\n                <div class=\"text\">\n\n                  <i class=\"icofont-ship\"><\/i>\n\n                  TA\u015eIMACILIK\n                <\/div>\n\n              <\/div>              \n\n            <\/a>\n\n          <\/div>\n\n            \n        <\/div>\n\n      <\/div>\n\n    <\/section>\n\n<section class=\"bg-light-gray\">\n\n      <div class=\"container-fluid p-0\">\n\n        <div class=\"row align-items-center no-gutters\">     \n\t\t\t\n    \n        <div class=\"col-lg-4 text-center bg-fixed clients-bg pos-rel txt-white\" style=\"    background-image: url(https:\/\/atalandtrading.com\/wp-content\/uploads\/2022\/04\/safesecure.jpg);    background-repeat: no-repeat;    background-position: center center;\"> \n\n              <div class=\"bg-overlay black opacity-40\"><\/div>\n\n              <div class=\"px-5 wide-tb-100\" style=\"position: relative; z-index: 999;\">\n\n                <div class=\"service-icon mx-auto mb-5 icon-box-5\">\n\n                    <i class=\"icofont-glass\"><\/i>\n\n                <\/div>\n\n                <h4 class=\"h4-md fw-7\">G\u00dcVENL\u0130 &amp; EM\u0130N<\/h4>\n\n                \n              <\/div>\n\n            <\/div>\n\n    \n\n    \n        <div class=\"col-lg-4 text-center bg-fixed clients-bg pos-rel txt-white\" style=\"    background-image: url(https:\/\/atalandtrading.com\/wp-content\/uploads\/2019\/04\/bg_3.jpg);    background-repeat: no-repeat;    background-position: center center;\"> \n\n              <div class=\"bg-overlay black opacity-40\"><\/div>\n\n              <div class=\"px-5 wide-tb-100\" style=\"position: relative; z-index: 999;\">\n\n                <div class=\"service-icon mx-auto mb-5 icon-box-5\">\n\n                    <i class=\"icofont-delivery-time\"><\/i>\n\n                <\/div>\n\n                <h4 class=\"h4-md fw-7\">HIZLI TESL\u0130MAT<\/h4>\n\n                \n              <\/div>\n\n            <\/div>\n\n    \n\n    \n        <div class=\"col-lg-4 text-center bg-fixed clients-bg pos-rel txt-white\" style=\"    background-image: url(https:\/\/atalandtrading.com\/wp-content\/uploads\/2022\/04\/247-support.jpg);    background-repeat: no-repeat;    background-position: center center;\"> \n\n              <div class=\"bg-overlay black opacity-40\"><\/div>\n\n              <div class=\"px-5 wide-tb-100\" style=\"position: relative; z-index: 999;\">\n\n                <div class=\"service-icon mx-auto mb-5 icon-box-5\">\n\n                    <i class=\"icofont-live-support\"><\/i>\n\n                <\/div>\n\n                <h4 class=\"h4-md fw-7\">7\/24 DESTEK<\/h4>\n\n                \n              <\/div>\n\n            <\/div>\n\n    \n<\/div>\n\n            <\/div>        \n\n          <\/section>\n\t\t\t\n\n\n    <section class=\"wide-tb-80 bg-scroll bg-img-6 pos-rel callout-style-1\">\n\n      <div class=\"bg-overlay blue opacity-60\"><\/div>\n\n      <div class=\"container\">\n\n        <div class=\"row align-items-center\">\n\n            <div class=\"col-lg-4 col-md-12 mb-0 wow slideInUp\" data-wow-duration=\"0\" data-wow-delay=\"0.1s\">\n\n              <h4 class=\"h4-xl\">Ataland Trading ile \u00e7al\u0131\u015fmak ister misiniz?<\/h4>\n\n            <\/div>\n\n            <div class=\"col wow slideInUp\" data-wow-duration=\"0\" data-wow-delay=\"0.2s\">\n\n              <div class=\"center-text\">\n\n                \n              <\/div>\n\n            <\/div>\n\n            <div class=\"col-sm-auto wow slideInUp\" data-wow-duration=\"0\" data-wow-delay=\"0.3s\">\n\n              <a href=\"https:\/\/atalandtrading.com\/tr\/contact-us\/\" class=\"btn btn-theme bg-white bordered\">Bize Ula\u015f\u0131n! <i class=\"icofont-rounded-right\"><\/i><\/a>\n\n            <\/div>\n\n        <\/div>\n\n      <\/div>\n\n    <\/section>","protected":false},"excerpt":{"rendered":"TRANSPORT Final step of our activities is transportation. Based on customer\u2019s requirement, we can provide airfreight, sea freight, road freight options. We can create alternatives with our partner company and direct regarding client\u2019s requirement about timing and location.\u00a0 We are handling door to door service up to client\u2019s decision. Still open questions? Ask Now","protected":false},"author":1,"featured_media":0,"parent":0,"menu_order":0,"comment_status":"closed","ping_status":"closed","template":"page-templates\/our-pricing.php","meta":{"footnotes":""},"class_list":["post-499","page","type-page","status-publish","hentry"],"yoast_head":"<!-- This site is optimized with the Yoast SEO plugin v24.1 - https:\/\/yoast.com\/wordpress\/plugins\/seo\/ -->\n<title>SERVICES | Ataland Trading<\/title>\n<meta name=\"robots\" content=\"index, follow, max-snippet:-1, max-image-preview:large, max-video-preview:-1\" \/>\n<link rel=\"canonical\" href=\"https:\/\/atalandtrading.com\/tr\/services\/\" \/>\n<meta property=\"og:locale\" content=\"tr_TR\" \/>\n<meta property=\"og:type\" content=\"article\" \/>\n<meta property=\"og:title\" content=\"SERVICES | Ataland Trading\" \/>\n<meta property=\"og:url\" content=\"https:\/\/atalandtrading.com\/tr\/services\/\" \/>\n<meta property=\"og:site_name\" content=\"Ataland Trading\" \/>\n<meta property=\"article:modified_time\" content=\"2022-04-29T15:21:41+00:00\" \/>\n<meta name=\"twitter:card\" content=\"summary_large_image\" \/>\n<meta name=\"twitter:label1\" content=\"Tahmini okuma s\u00fcresi\" \/>\n\t<meta name=\"twitter:data1\" content=\"1 dakika\" \/>\n<script type=\"application\/ld+json\" class=\"yoast-schema-graph\">{\"@context\":\"https:\/\/schema.org\",\"@graph\":[{\"@type\":\"WebPage\",\"@id\":\"https:\/\/atalandtrading.com\/services\/\",\"url\":\"https:\/\/atalandtrading.com\/services\/\",\"name\":\"SERVICES | Ataland Trading\",\"isPartOf\":{\"@id\":\"https:\/\/atalandtrading.com\/#website\"},\"datePublished\":\"2022-03-06T21:40:04+00:00\",\"dateModified\":\"2022-04-29T15:21:41+00:00\",\"breadcrumb\":{\"@id\":\"https:\/\/atalandtrading.com\/services\/#breadcrumb\"},\"inLanguage\":\"tr\",\"potentialAction\":[{\"@type\":\"ReadAction\",\"target\":[\"https:\/\/atalandtrading.com\/services\/\"]}]},{\"@type\":\"BreadcrumbList\",\"@id\":\"https:\/\/atalandtrading.com\/services\/#breadcrumb\",\"itemListElement\":[{\"@type\":\"ListItem\",\"position\":1,\"name\":\"Home\",\"item\":\"https:\/\/atalandtrading.com\/tr\/\"},{\"@type\":\"ListItem\",\"position\":2,\"name\":\"SERVICES\"}]},{\"@type\":\"WebSite\",\"@id\":\"https:\/\/atalandtrading.com\/#website\",\"url\":\"https:\/\/atalandtrading.com\/\",\"name\":\"Ataland Trading\",\"description\":\"\",\"publisher\":{\"@id\":\"https:\/\/atalandtrading.com\/#organization\"},\"potentialAction\":[{\"@type\":\"SearchAction\",\"target\":{\"@type\":\"EntryPoint\",\"urlTemplate\":\"https:\/\/atalandtrading.com\/?s={search_term_string}\"},\"query-input\":{\"@type\":\"PropertyValueSpecification\",\"valueRequired\":true,\"valueName\":\"search_term_string\"}}],\"inLanguage\":\"tr\"},{\"@type\":\"Organization\",\"@id\":\"https:\/\/atalandtrading.com\/#organization\",\"name\":\"Ataland Trading\",\"url\":\"https:\/\/atalandtrading.com\/\",\"logo\":{\"@type\":\"ImageObject\",\"inLanguage\":\"tr\",\"@id\":\"https:\/\/atalandtrading.com\/#\/schema\/logo\/image\/\",\"url\":\"https:\/\/atalandtrading.com\/wp-content\/uploads\/2022\/02\/ataland-logo-328.png\",\"contentUrl\":\"https:\/\/atalandtrading.com\/wp-content\/uploads\/2022\/02\/ataland-logo-328.png\",\"width\":328,\"height\":168,\"caption\":\"Ataland Trading\"},\"image\":{\"@id\":\"https:\/\/atalandtrading.com\/#\/schema\/logo\/image\/\"},\"sameAs\":[\"https:\/\/www.instagram.com\/atalandtrading\/\",\"https:\/\/www.linkedin.com\/in\/ataland-trading-05b781232\/\"]}]}<\/script>\n<!-- \/ Yoast SEO plugin. -->","yoast_head_json":{"title":"SERVICES | Ataland Trading","robots":{"index":"index","follow":"follow","max-snippet":"max-snippet:-1","max-image-preview":"max-image-preview:large","max-video-preview":"max-video-preview:-1"},"canonical":"https:\/\/atalandtrading.com\/tr\/services\/","og_locale":"tr_TR","og_type":"article","og_title":"SERVICES | Ataland Trading","og_url":"https:\/\/atalandtrading.com\/tr\/services\/","og_site_name":"Ataland Trading","article_modified_time":"2022-04-29T15:21:41+00:00","twitter_card":"summary_large_image","twitter_misc":{"Tahmini okuma s\u00fcresi":"1 dakika"},"schema":{"@context":"https:\/\/schema.org","@graph":[{"@type":"WebPage","@id":"https:\/\/atalandtrading.com\/services\/","url":"https:\/\/atalandtrading.com\/services\/","name":"SERVICES | Ataland Trading","isPartOf":{"@id":"https:\/\/atalandtrading.com\/#website"},"datePublished":"2022-03-06T21:40:04+00:00","dateModified":"2022-04-29T15:21:41+00:00","breadcrumb":{"@id":"https:\/\/atalandtrading.com\/services\/#breadcrumb"},"inLanguage":"tr","potentialAction":[{"@type":"ReadAction","target":["https:\/\/atalandtrading.com\/services\/"]}]},{"@type":"BreadcrumbList","@id":"https:\/\/atalandtrading.com\/services\/#breadcrumb","itemListElement":[{"@type":"ListItem","position":1,"name":"Home","item":"https:\/\/atalandtrading.com\/tr\/"},{"@type":"ListItem","position":2,"name":"SERVICES"}]},{"@type":"WebSite","@id":"https:\/\/atalandtrading.com\/#website","url":"https:\/\/atalandtrading.com\/","name":"Ataland Trading","description":"","publisher":{"@id":"https:\/\/atalandtrading.com\/#organization"},"potentialAction":[{"@type":"SearchAction","target":{"@type":"EntryPoint","urlTemplate":"https:\/\/atalandtrading.com\/?s={search_term_string}"},"query-input":{"@type":"PropertyValueSpecification","valueRequired":true,"valueName":"search_term_string"}}],"inLanguage":"tr"},{"@type":"Organization","@id":"https:\/\/atalandtrading.com\/#organization","name":"Ataland Trading","url":"https:\/\/atalandtrading.com\/","logo":{"@type":"ImageObject","inLanguage":"tr","@id":"https:\/\/atalandtrading.com\/#\/schema\/logo\/image\/","url":"https:\/\/atalandtrading.com\/wp-content\/uploads\/2022\/02\/ataland-logo-328.png","contentUrl":"https:\/\/atalandtrading.com\/wp-content\/uploads\/2022\/02\/ataland-logo-328.png","width":328,"height":168,"caption":"Ataland Trading"},"image":{"@id":"https:\/\/atalandtrading.com\/#\/schema\/logo\/image\/"},"sameAs":["https:\/\/www.instagram.com\/atalandtrading\/","https:\/\/www.linkedin.com\/in\/ataland-trading-05b781232\/"]}]}},"_links":{"self":[{"href":"https:\/\/atalandtrading.com\/tr\/wp-json\/wp\/v2\/pages\/499","targetHints":{"allow":["GET"]}}],"collection":[{"href":"https:\/\/atalandtrading.com\/tr\/wp-json\/wp\/v2\/pages"}],"about":[{"href":"https:\/\/atalandtrading.com\/tr\/wp-json\/wp\/v2\/types\/page"}],"author":[{"embeddable":true,"href":"https:\/\/atalandtrading.com\/tr\/wp-json\/wp\/v2\/users\/1"}],"replies":[{"embeddable":true,"href":"https:\/\/atalandtrading.com\/tr\/wp-json\/wp\/v2\/comments?post=499"}],"version-history":[{"count":23,"href":"https:\/\/atalandtrading.com\/tr\/wp-json\/wp\/v2\/pages\/499\/revisions"}],"predecessor-version":[{"id":855,"href":"https:\/\/atalandtrading.com\/tr\/wp-json\/wp\/v2\/pages\/499\/revisions\/855"}],"wp:attachment":[{"href":"https:\/\/atalandtrading.com\/tr\/wp-json\/wp\/v2\/media?parent=499"}],"curies":[{"name":"wp","href":"https:\/\/api.w.org\/{rel}","templated":true}]}}