{"id":704,"date":"2022-04-18T20:49:43","date_gmt":"2022-04-18T20:49:43","guid":{"rendered":"https:\/\/atalandtrading.com\/?page_id=704"},"modified":"2022-04-18T21:07:14","modified_gmt":"2022-04-18T21:07:14","slug":"frequently-asked-questions","status":"publish","type":"page","link":"https:\/\/atalandtrading.com\/tr\/frequently-asked-questions\/","title":{"rendered":"S\u0131k\u00e7a Sorulan Sorular"},"content":{"rendered":"<div class=\"slider bg-navy-blue bg-scroll pos-rel breadcrumbs-page\" style=\"    background-image: url(https:\/\/atalandtrading.com\/wp-content\/uploads\/2019\/04\/banner_slider.jpg);    background-repeat: no-repeat;    padding: 7rem 0;    background-position: center center !important;    margin-top: 136px;\">\n\n    <div class=\"container\">\n\n      <nav aria-label=\"breadcrumb\">\n\n        <ol class=\"breadcrumb\">\n\n          <li class=\"breadcrumb-item\"><a href=\"https:\/\/atalandtrading.com\/tr\/\"><i class=\"icofont-home\"><\/i><\/a><\/li>\n\n          <li class=\"breadcrumb-item\"><a href=\"https:\/\/atalandtrading.com\/tr\/\">Pages<\/a><\/li>\n\n          <li class=\"breadcrumb-item active\" aria-current=\"page\">S\u0131k\u00e7a Sorulan Sorular<\/li>\n\n        <\/ol>\n\n      <\/nav>  \n\n\n\n      <h1>S\u0131k\u00e7a Sorulan Sorular<\/h1>\n\n      <div class=\"breadcrumbs-description\">\n\n        Kalite Arayanlar\u0131n Adresi.\n      <\/div>\n\n    <\/div>\n\n  <\/div>\n\n\n\n  <main id=\"body-content\">\n\n\n\n<section class=\"wide-tb-100 faqs\">\n\n      <div class=\"container\">\n\n        <div class=\"row\">\n\n\n\n            <div class=\"col-sm-12\">\n\n              <h1 class=\"heading-main\">\n\n                <span><\/span>\n\n                S\u0131k\u00e7a Sorulan Sorular\n\n              <\/h1>\n\n            <\/div>\n\t\t\t<div  class=\"vc_do_toggle vc_toggle vc_toggle_arrow vc_toggle_color_default  vc_toggle_size_md vc_toggle_active\"><div class=\"vc_toggle_title\"><h4>A.TR. ve EUR.1 gibi dola\u015f\u0131m belgelerini d\u00fczenleyebilir misiniz?<\/h4><i class=\"vc_toggle_icon\"><\/i><\/div><div class=\"vc_toggle_content\"><div data-pm-slice=\"1 1 &#091;&#093;\" data-en-clipboard=\"true\">Evet, A.TR ve EUR.1 gibi dola\u015f\u0131m belgelerini d\u00fczenleyebiliriz.<\/div>\n<\/div><\/div><div  class=\"vc_do_toggle vc_toggle vc_toggle_arrow vc_toggle_color_default  vc_toggle_size_md\"><div class=\"vc_toggle_title\"><h4>Talep etti\u011fimiz \u00fcr\u00fcnler i\u00e7in market ara\u015ft\u0131rmas\u0131 yapabilir misiniz?<\/h4><i class=\"vc_toggle_icon\"><\/i><\/div><div class=\"vc_toggle_content\"><div data-pm-slice=\"1 1 &#091;&#093;\" data-en-clipboard=\"true\">\n<div data-pm-slice=\"1 1 &#091;&#093;\" data-en-clipboard=\"true\">Evet, bir\u00e7ok \u00e7e\u015fit \u00fcr\u00fcn i\u00e7in market ara\u015ft\u0131rmas\u0131 yap\u0131p size raporlayabiliriz.<\/div>\n<\/div>\n<\/div><\/div><div  class=\"vc_do_toggle vc_toggle vc_toggle_arrow vc_toggle_color_default  vc_toggle_size_md\"><div class=\"vc_toggle_title\"><h4>Herhangi bir destinasyon k\u0131s\u0131tlaman\u0131z var m\u0131?<\/h4><i class=\"vc_toggle_icon\"><\/i><\/div><div class=\"vc_toggle_content\"><div data-pm-slice=\"1 1 &#091;&#093;\" data-en-clipboard=\"true\">\n<div data-pm-slice=\"1 1 &#091;&#093;\" data-en-clipboard=\"true\">\n<div data-pm-slice=\"1 1 &#091;&#093;\" data-en-clipboard=\"true\">Hay\u0131r, T\u00fcrkiye\u2019nin her yerinden d\u00fcnyan\u0131n her noktas\u0131na \u00fcr\u00fcn g\u00f6nderimi sa\u011flayabiliyoruz.<\/div>\n<\/div>\n<\/div>\n<\/div><\/div><\/ul>\n\n              <\/div>\n\n\n\n            <\/div>              \n\n        <\/div>\n\n      <\/div>        \n\n    <\/section>","protected":false},"excerpt":{"rendered":"Pages Frequently Asked Questions Frequently Asked Questions Land for the ones looking for quality. Frequently Asked Questions Is it possible to issue movement certificates like A.TR and EUR.1?Yes, we definitely can issue movement certificates like A.TR and EUR.1 Can you make market research for the products we are looking for? Yes, we can place market [...]","protected":false},"author":1,"featured_media":0,"parent":0,"menu_order":0,"comment_status":"closed","ping_status":"closed","template":"page-templates\/our-pricing.php","meta":{"footnotes":""},"class_list":["post-704","page","type-page","status-publish","hentry"],"yoast_head":"<!-- This site is optimized with the Yoast SEO plugin v24.1 - https:\/\/yoast.com\/wordpress\/plugins\/seo\/ -->\n<title>Frequently Asked Questions | Ataland Trading<\/title>\n<meta name=\"robots\" content=\"index, follow, max-snippet:-1, max-image-preview:large, max-video-preview:-1\" \/>\n<link rel=\"canonical\" href=\"https:\/\/atalandtrading.com\/tr\/frequently-asked-questions\/\" \/>\n<meta property=\"og:locale\" content=\"tr_TR\" \/>\n<meta property=\"og:type\" content=\"article\" \/>\n<meta property=\"og:title\" content=\"Frequently Asked Questions | Ataland Trading\" \/>\n<meta property=\"og:url\" content=\"https:\/\/atalandtrading.com\/tr\/frequently-asked-questions\/\" \/>\n<meta property=\"og:site_name\" content=\"Ataland Trading\" \/>\n<meta property=\"article:modified_time\" content=\"2022-04-18T21:07:14+00:00\" \/>\n<meta name=\"twitter:card\" content=\"summary_large_image\" \/>\n<meta name=\"twitter:label1\" content=\"Tahmini okuma s\u00fcresi\" \/>\n\t<meta name=\"twitter:data1\" content=\"1 dakika\" \/>\n<script type=\"application\/ld+json\" class=\"yoast-schema-graph\">{\"@context\":\"https:\/\/schema.org\",\"@graph\":[{\"@type\":\"WebPage\",\"@id\":\"https:\/\/atalandtrading.com\/tr\/frequently-asked-questions\/\",\"url\":\"https:\/\/atalandtrading.com\/tr\/frequently-asked-questions\/\",\"name\":\"Frequently Asked Questions | Ataland Trading\",\"isPartOf\":{\"@id\":\"https:\/\/atalandtrading.com\/#website\"},\"datePublished\":\"2022-04-18T20:49:43+00:00\",\"dateModified\":\"2022-04-18T21:07:14+00:00\",\"breadcrumb\":{\"@id\":\"https:\/\/atalandtrading.com\/tr\/frequently-asked-questions\/#breadcrumb\"},\"inLanguage\":\"tr\",\"potentialAction\":[{\"@type\":\"ReadAction\",\"target\":[\"https:\/\/atalandtrading.com\/tr\/frequently-asked-questions\/\"]}]},{\"@type\":\"BreadcrumbList\",\"@id\":\"https:\/\/atalandtrading.com\/tr\/frequently-asked-questions\/#breadcrumb\",\"itemListElement\":[{\"@type\":\"ListItem\",\"position\":1,\"name\":\"Home\",\"item\":\"https:\/\/atalandtrading.com\/tr\/\"},{\"@type\":\"ListItem\",\"position\":2,\"name\":\"Frequently Asked Questions\"}]},{\"@type\":\"WebSite\",\"@id\":\"https:\/\/atalandtrading.com\/#website\",\"url\":\"https:\/\/atalandtrading.com\/\",\"name\":\"Ataland Trading\",\"description\":\"\",\"publisher\":{\"@id\":\"https:\/\/atalandtrading.com\/#organization\"},\"potentialAction\":[{\"@type\":\"SearchAction\",\"target\":{\"@type\":\"EntryPoint\",\"urlTemplate\":\"https:\/\/atalandtrading.com\/?s={search_term_string}\"},\"query-input\":{\"@type\":\"PropertyValueSpecification\",\"valueRequired\":true,\"valueName\":\"search_term_string\"}}],\"inLanguage\":\"tr\"},{\"@type\":\"Organization\",\"@id\":\"https:\/\/atalandtrading.com\/#organization\",\"name\":\"Ataland Trading\",\"url\":\"https:\/\/atalandtrading.com\/\",\"logo\":{\"@type\":\"ImageObject\",\"inLanguage\":\"tr\",\"@id\":\"https:\/\/atalandtrading.com\/#\/schema\/logo\/image\/\",\"url\":\"https:\/\/atalandtrading.com\/wp-content\/uploads\/2022\/02\/ataland-logo-328.png\",\"contentUrl\":\"https:\/\/atalandtrading.com\/wp-content\/uploads\/2022\/02\/ataland-logo-328.png\",\"width\":328,\"height\":168,\"caption\":\"Ataland Trading\"},\"image\":{\"@id\":\"https:\/\/atalandtrading.com\/#\/schema\/logo\/image\/\"},\"sameAs\":[\"https:\/\/www.instagram.com\/atalandtrading\/\",\"https:\/\/www.linkedin.com\/in\/ataland-trading-05b781232\/\"]}]}<\/script>\n<!-- \/ Yoast SEO plugin. -->","yoast_head_json":{"title":"Frequently Asked Questions | Ataland Trading","robots":{"index":"index","follow":"follow","max-snippet":"max-snippet:-1","max-image-preview":"max-image-preview:large","max-video-preview":"max-video-preview:-1"},"canonical":"https:\/\/atalandtrading.com\/tr\/frequently-asked-questions\/","og_locale":"tr_TR","og_type":"article","og_title":"Frequently Asked Questions | Ataland Trading","og_url":"https:\/\/atalandtrading.com\/tr\/frequently-asked-questions\/","og_site_name":"Ataland Trading","article_modified_time":"2022-04-18T21:07:14+00:00","twitter_card":"summary_large_image","twitter_misc":{"Tahmini okuma s\u00fcresi":"1 dakika"},"schema":{"@context":"https:\/\/schema.org","@graph":[{"@type":"WebPage","@id":"https:\/\/atalandtrading.com\/tr\/frequently-asked-questions\/","url":"https:\/\/atalandtrading.com\/tr\/frequently-asked-questions\/","name":"Frequently Asked Questions | Ataland Trading","isPartOf":{"@id":"https:\/\/atalandtrading.com\/#website"},"datePublished":"2022-04-18T20:49:43+00:00","dateModified":"2022-04-18T21:07:14+00:00","breadcrumb":{"@id":"https:\/\/atalandtrading.com\/tr\/frequently-asked-questions\/#breadcrumb"},"inLanguage":"tr","potentialAction":[{"@type":"ReadAction","target":["https:\/\/atalandtrading.com\/tr\/frequently-asked-questions\/"]}]},{"@type":"BreadcrumbList","@id":"https:\/\/atalandtrading.com\/tr\/frequently-asked-questions\/#breadcrumb","itemListElement":[{"@type":"ListItem","position":1,"name":"Home","item":"https:\/\/atalandtrading.com\/tr\/"},{"@type":"ListItem","position":2,"name":"Frequently Asked Questions"}]},{"@type":"WebSite","@id":"https:\/\/atalandtrading.com\/#website","url":"https:\/\/atalandtrading.com\/","name":"Ataland Trading","description":"","publisher":{"@id":"https:\/\/atalandtrading.com\/#organization"},"potentialAction":[{"@type":"SearchAction","target":{"@type":"EntryPoint","urlTemplate":"https:\/\/atalandtrading.com\/?s={search_term_string}"},"query-input":{"@type":"PropertyValueSpecification","valueRequired":true,"valueName":"search_term_string"}}],"inLanguage":"tr"},{"@type":"Organization","@id":"https:\/\/atalandtrading.com\/#organization","name":"Ataland Trading","url":"https:\/\/atalandtrading.com\/","logo":{"@type":"ImageObject","inLanguage":"tr","@id":"https:\/\/atalandtrading.com\/#\/schema\/logo\/image\/","url":"https:\/\/atalandtrading.com\/wp-content\/uploads\/2022\/02\/ataland-logo-328.png","contentUrl":"https:\/\/atalandtrading.com\/wp-content\/uploads\/2022\/02\/ataland-logo-328.png","width":328,"height":168,"caption":"Ataland Trading"},"image":{"@id":"https:\/\/atalandtrading.com\/#\/schema\/logo\/image\/"},"sameAs":["https:\/\/www.instagram.com\/atalandtrading\/","https:\/\/www.linkedin.com\/in\/ataland-trading-05b781232\/"]}]}},"_links":{"self":[{"href":"https:\/\/atalandtrading.com\/tr\/wp-json\/wp\/v2\/pages\/704","targetHints":{"allow":["GET"]}}],"collection":[{"href":"https:\/\/atalandtrading.com\/tr\/wp-json\/wp\/v2\/pages"}],"about":[{"href":"https:\/\/atalandtrading.com\/tr\/wp-json\/wp\/v2\/types\/page"}],"author":[{"embeddable":true,"href":"https:\/\/atalandtrading.com\/tr\/wp-json\/wp\/v2\/users\/1"}],"replies":[{"embeddable":true,"href":"https:\/\/atalandtrading.com\/tr\/wp-json\/wp\/v2\/comments?post=704"}],"version-history":[{"count":17,"href":"https:\/\/atalandtrading.com\/tr\/wp-json\/wp\/v2\/pages\/704\/revisions"}],"predecessor-version":[{"id":724,"href":"https:\/\/atalandtrading.com\/tr\/wp-json\/wp\/v2\/pages\/704\/revisions\/724"}],"wp:attachment":[{"href":"https:\/\/atalandtrading.com\/tr\/wp-json\/wp\/v2\/media?parent=704"}],"curies":[{"name":"wp","href":"https:\/\/api.w.org\/{rel}","templated":true}]}}